{"id":140,"date":"2022-10-10T15:34:27","date_gmt":"2022-10-10T15:34:27","guid":{"rendered":"https:\/\/alidropship.unedemo.online\/index.php\/product\/tete-de-coupe-herbe-universelle-avec-bobine-65mn-pieces-de-rechange-pour-debroussailleuse-de-jardin\/"},"modified":"2022-10-10T15:34:30","modified_gmt":"2022-10-10T15:34:30","slug":"tete-de-coupe-herbe-universelle-avec-bobine-65mn-pieces-de-rechange-pour-debroussailleuse-de-jardin","status":"publish","type":"product","link":"https:\/\/alidropship.unedemo.online\/index.php\/product\/tete-de-coupe-herbe-universelle-avec-bobine-65mn-pieces-de-rechange-pour-debroussailleuse-de-jardin\/","title":{"rendered":"T\u00eate de coupe-herbe universelle avec bobine 65mn, pi\u00e8ces de rechange pour d\u00e9broussailleuse de jardin"},"content":{"rendered":"\n<div class=\"product-specs-list-container\">\n<ul class=\"product-specs-list util-clearfix\">\n<li class=\"product-prop line-limit-length\"><span class=\"property-title\">Nom de marque:&nbsp;<\/span><span class=\"property-desc line-limit-length\">FNICEL<\/span>\n                        <\/li>\n<li class=\"product-prop line-limit-length\"><span class=\"property-title\">Fournitures DIY:&nbsp;<\/span><span class=\"property-desc line-limit-length\">Woodworking<\/span>\n                        <\/li>\n<li class=\"product-prop line-limit-length\"><span class=\"property-title\">Type:&nbsp;<\/span><span class=\"property-desc line-limit-length\">Combinaison<\/span>\n                        <\/li>\n<li class=\"product-prop line-limit-length\"><span class=\"property-title\">Origine:&nbsp;<\/span><span class=\"property-desc line-limit-length\">CN (Origine)<\/span>\n                        <\/li>\n<li class=\"product-prop line-limit-length\"><span class=\"property-title\">Num\u00e9ro de Mod\u00e8le:&nbsp;<\/span><span class=\"property-desc line-limit-length\">65Mn Trimmer Head<\/span>\n                        <\/li>\n<li class=\"product-prop line-limit-length\"><span class=\"property-title\">Paquet:&nbsp;<\/span><span class=\"property-desc line-limit-length\">Bo\u00eetier<\/span>\n                        <\/li>\n<li class=\"product-prop line-limit-length\"><span class=\"property-title\">Application:&nbsp;<\/span><span class=\"property-desc line-limit-length\">Ensemble d\u2019outils m\u00e9nagers<\/span>\n                        <\/li>\n<li class=\"product-prop line-limit-length\"><span class=\"property-title\">Taille:&nbsp;<\/span><span class=\"property-desc line-limit-length\">as picture show<\/span>\n                        <\/li>\n<li class=\"product-prop line-limit-length\"><span class=\"property-title\">Material:&nbsp;<\/span><span class=\"property-desc line-limit-length\">High Carbon Steel<\/span>\n                        <\/li>\n<li class=\"product-prop line-limit-length\"><span class=\"property-title\">Type:&nbsp;<\/span><span class=\"property-desc line-limit-length\">Garden Tool Parts<\/span>\n                        <\/li>\n<li class=\"product-prop line-limit-length\"><span class=\"property-title\">Length:&nbsp;<\/span><span class=\"property-desc line-limit-length\">About 330mm<\/span>\n                        <\/li>\n<\/ul><\/div>\n<div>\n<div>\n<div>\n<div><\/div>\n<\/div>\n<\/div>\n<\/div>\n<p><strong><span style=\"font-size: 16.0px\">Sp\u00e9cification:<\/span><\/strong><\/p>\n<ul>\n<li>\n<p><span style=\"font-size: 16.0px\">B<\/span><span style=\"font-size: 16.0px\">Rand nouveau<\/span><\/p>\n<\/li>\n<li>\n<p><span style=\"font-size: 16.0px\">Mat\u00e9riau: acier au mangan\u00e8se<\/span><\/p>\n<\/li>\n<li>\n<p><span style=\"font-size: 16.0px\">Couleur: noir<\/span><\/p>\n<\/li>\n<li>\n<p><span style=\"font-size: 16.0px\">Diam\u00e8tre du trou de montage: env. 25.4mm \/ 1 pouce<\/span><\/p>\n<\/li>\n<li>\n<p><span style=\"font-size: 16.0px\">Longueur totale: env. 33cm \/ 12.99 pouces<\/span><\/p>\n<\/li>\n<li>\n<p><span style=\"font-size: 16.0px\">Diam\u00e8tre: env. 9cm \/ 3.54 pouces<\/span><\/p>\n<\/li>\n<li>\n<p><span style=\"font-size: 16.0px\">Hauteur: env. 6cm \/ 2.36 pouces<\/span><\/p>\n<\/li>\n<li>\n<p><span style=\"font-size: 16.0px\">Poids: env. 547g<\/span><\/p>\n<\/li>\n<li>\n<p><span style=\"font-size: 16.0px\">La t\u00eate de coupe est fabriqu\u00e9e en m\u00e9tal de haute qualit\u00e9, robuste et durable, offrant une longue dur\u00e9e de vie.<\/span><\/p>\n<\/li>\n<li>\n<p><span style=\"font-size: 16.0px\">La cha\u00eene de 65mn est de haute duret\u00e9, plus tranchante et plus durable.<\/span><\/p>\n<\/li>\n<li>\n<p><span style=\"font-size: 16.0px\">Facile \u00e0 installer et pratique \u00e0 utiliser.<\/span><\/p>\n<\/li>\n<li>\n<p><span style=\"font-size: 16.0px\">Un accessoire de remplacement pratique pour votre tondeuse.<\/span><\/p>\n<\/li>\n<li>\n<p><span style=\"font-size: 16.0px\">Parfait pour le jardin ou l&#8217;agriculture.<\/span><\/p>\n<\/li>\n<\/ul>\n<p><span style=\"font-size: 16.0px\"><\/span><\/p>\n<p><strong><span style=\"font-size: 16.0px\">Emballage inclus (selon les options que vous achetez, c&#8217;est diff\u00e9rent):<\/span><\/strong><\/p>\n<ul>\n<li><span style=\"font-size: 16.0px\"><span style=\"font-size: 16.0px\"><span style=\"font-size: 16.0px\"><span style=\"font-size: 16.0px\"><span style=\"font-size: 16.0px\"><strong><span style=\"font-size: 16.0px\">Emballage A:<\/span><\/strong><\/span>1 paire de cha\u00eene<\/span><\/span><\/span><\/span><\/li>\n<li><span style=\"font-size: 16.0px\"><strong><span style=\"font-size: 16.0px\">Emballage B:<\/span><\/strong>1 x t\u00eate de coupe (avec cha\u00eene install\u00e9e)<\/span><\/li>\n<li><span style=\"font-size: 16.0px\"><strong><span style=\"font-size: 16.0px\">Emballage C:<\/span><\/strong><\/span>1 x<span style=\"font-size: 16.0px\">Cha\u00eene de rechange + 1 paire<span style=\"font-size: 16.0px\">(Avec cha\u00eene install\u00e9e)<\/span>T\u00eate de coupe<\/span><\/li>\n<\/ul>\n<p><strong><span style=\"color: red;font-size: 16.0px\">N<\/span><\/strong><strong><span style=\"color: red;font-size: 16.0px\">Ote:<\/span><\/strong><\/p>\n<ul>\n<li>\n<p><span style=\"color: red;font-size: 16.0px\">Veuillez permettre une d\u00e9viation mineure due \u00e0 la mesure manuelle.<\/span><\/p>\n<\/li>\n<li>\n<p><span style=\"color: red;font-size: 16.0px\">En raison de la diff\u00e9rence entre les diff\u00e9rents moniteurs, l&#8217;image peut ne pas refl\u00e9ter la couleur r\u00e9elle de l&#8217;article.<\/span>\n<\/p>\n<\/li>\n<\/ul>\n<p><img src=\"https:\/\/ae01.alicdn.com\/kf\/Ha222ad24082641f8bdbc90ba9dbf5d25x.jpg?width=800&amp;height=800&amp;hash=1600\"><img src=\"https:\/\/ae01.alicdn.com\/kf\/Hca91b732658046b99a5f8b1bd2afb9d65.jpg?width=800&amp;height=800&amp;hash=1600\"><img src=\"https:\/\/ae01.alicdn.com\/kf\/H8b816bf931454cb29f70930cad8ac4f4H.jpg?width=800&amp;height=800&amp;hash=1600\"><img data-pinit=\"registered\" src=\"https:\/\/ae01.alicdn.com\/kf\/Hac45dd086d34493bb22a312794d4f3f9a.jpg?width=800&amp;height=800&amp;hash=1600\"><img data-pinit=\"registered\" src=\"https:\/\/ae01.alicdn.com\/kf\/H3165d11bcb504f4bb4adb3432f900db2v.jpg?width=800&amp;height=800&amp;hash=1600\"><img data-pinit=\"registered\" src=\"https:\/\/ae01.alicdn.com\/kf\/H528062a0154e4719a11e2bf1d765276fR.jpg?width=800&amp;height=800&amp;hash=1600\"><img data-pinit=\"registered\" src=\"https:\/\/ae01.alicdn.com\/kf\/Ha3717ba6591941aebe4f81f91ff2dd00O.jpg?width=800&amp;height=800&amp;hash=1600\"><img data-pinit=\"registered\" src=\"https:\/\/ae01.alicdn.com\/kf\/H1f0004b8e8a54f379bbd618a39de57dcU.jpg?width=800&amp;height=800&amp;hash=1600\"><img data-pinit=\"registered\" src=\"https:\/\/ae01.alicdn.com\/kf\/H76643bf4d8374629b4d6597aae2eecb8A.jpg?width=800&amp;height=800&amp;hash=1600\"><\/p>\n<div>\n<div><span style=\"font-family: georgia , serif\"><span style=\"color: #006699\"><span style=\"font-size: 16.0px\"><strong><span style=\"margin: 0.0px;padding: 0.0px;border: 0.0px;font-style: inherit;font-weight: inherit;line-height: inherit;vertical-align: baseline\">Paiement<\/span><\/strong><\/span><\/span><\/span><\/div>\n<p><span style=\"font-family: georgia , serif\"><span style=\"font-size: 14.0px\">1. Nous acceptons Alipay, West Union, TT. Toutes les principales cartes de cr\u00e9dit sont accept\u00e9es via le processeur de paiement s\u00e9curis\u00e9 ESCROW.<\/span><\/span><\/p>\n<p><span style=\"font-family: georgia , serif\"><span style=\"font-size: 14.0px\">2. Le paiement doit \u00eatre effectu\u00e9 dans les 3 jours suivant la commande.<\/span><\/span><\/p>\n<p><span style=\"font-family: georgia , serif\"><span style=\"font-size: 14.0px\">3. Si vous ne pouvez pas commander imm\u00e9diatement apr\u00e8s la cl\u00f4ture des ench\u00e8res, veuillez attendre quelques minutes et r\u00e9essayer, le paiement doit \u00eatre effectu\u00e9 sous 3 jours.<\/span><\/span><\/p>\n<p><img alt=\"HTB1hkuIa.3IL1JjSZFM761jrFXab[1].png\" src=\"https:\/\/ae01.alicdn.com\/kf\/H76d9fc89c2394e368f956e31ad005d9e0.jpg?width=1200&amp;height=80&amp;hash=1280\" style=\"margin: 0.0px;padding: 0.0px;border: 0.0px;font-style: inherit;font-weight: inherit;font-size: 0.0px;line-height: inherit;vertical-align: middle;color: transparent;width: 947.909px\">\n<\/p>\n<div><span style=\"font-family: georgia , serif\"><span style=\"color: #336699\"><span style=\"font-size: 16.0px\"><strong><span style=\"margin: 0.0px;padding: 0.0px;border: 0.0px;font-style: inherit;font-weight: inherit;line-height: inherit;vertical-align: baseline\">Exp\u00e9dition<\/span><\/strong><\/span><\/span><\/span><\/div>\n<p><span style=\"font-size: 14.0px\"><span style=\"font-family: georgia , serif\">1. Exp\u00e9dition dans le monde entier. (Sauf certains pays et APO\/FPO)<\/span><\/span><\/p>\n<p><span style=\"font-size: 14.0px\">2. Les commandes sont trait\u00e9es dans les temps apr\u00e8s la v\u00e9rification du paiement.<\/span><\/p>\n<p><span style=\"font-size: 14.0px\"><span style=\"font-family: georgia , serif\">3. Nous exp\u00e9dions uniquement aux adresses de commande confirm\u00e9es. Votre adresse de commande doit correspondre \u00e0 votre adresse de livraison.<\/span><\/span><\/p>\n<p><span style=\"font-size: 14.0px\"><span style=\"font-family: georgia , serif\">4. Les images montr\u00e9es ne sont pas l&#8217;article r\u00e9el et sont pour votre r\u00e9f\u00e9rence seulement.<\/span><\/span><\/p>\n<p><span style=\"font-size: 14.0px\"><span style=\"font-family: georgia , serif\">5. Le temps de TRANSIT du SERVICE est fourni par le transporteur et sans compter les week-ends et les jours f\u00e9ri\u00e9s. Les temps de Transit peuvent varier, en particulier pendant la p\u00e9riode des vacances.<\/span><\/span><\/p>\n<p><span style=\"font-size: 14.0px\"><span style=\"font-family: georgia , serif\">6. Si vous ne recevez pas votre envoi dans les d\u00e9lais, veuillez nous contacter. Nous suivrons l&#8217;exp\u00e9dition et vous r\u00e9pondrons d\u00e8s que possible. Notre objectif est la satisfaction du client!<\/span><\/span><\/p>\n<p><span style=\"font-size: 14.0px\"><span style=\"font-family: georgia , serif\">7. En raison de l&#8217;\u00e9tat des stocks et du d\u00e9calage horaire, nous choisirons d&#8217;exp\u00e9dier votre article depuis notre premier entrep\u00f4t disponible pour une livraison rapide.<\/span><\/span><\/p>\n<p><span style=\"font-size: 14.0px\"><span style=\"font-family: georgia , serif\">8. Nous ne sommes pas responsables des droits d&#8217;importation, l&#8217;acheteur en est responsable. Tout litige caus\u00e9 par cela est irraisonnable.<\/span><\/span><\/p>\n<p><span style=\"font-size: 14.0px\"><span style=\"font-family: georgia , serif\">9. BR acheteur veuillez fournir le cpf ou cnpj, il sera mieux pour vous de l&#8217;obtenir plus rapidement. Merci<\/span><\/span>\n<\/p>\n<\/p>\n<div><span style=\"font-family: georgia , serif\"><span style=\"color: #3366cc\"><span style=\"font-size: 16.0px\"><strong><span style=\"margin: 0.0px;padding: 0.0px;border: 0.0px;font-style: inherit;font-weight: inherit;line-height: inherit;vertical-align: baseline\">Remboursement<\/span><\/strong><\/span><\/span><\/span><\/div>\n<div style=\"margin: 0.0px;padding: 0.0px;border: 0.0px;font-style: inherit;font-weight: inherit;font-size: inherit;line-height: inherit;vertical-align: baseline\"><span style=\"font-size: 14.0px\"><span style=\"font-family: georgia , serif\">1. Nous acceptons les demandes de retour par e-mail dans les 7 jours ouvrables suivant la r\u00e9ception de votre commande.<br \/>\n2. Si l&#8217;article est en votre possession depuis plus de 7 jours, il est consid\u00e9r\u00e9 comme utilis\u00e9 et nous ne vous rembourserons ni ne vous remplacerons.<\/span><\/span><\/div>\n<div style=\"margin: 0.0px;padding: 0.0px;border: 0.0px;font-style: inherit;font-weight: inherit;font-size: inherit;line-height: inherit;vertical-align: baseline\"><span style=\"font-size: 14.0px\"><span style=\"font-family: georgia , serif\">3. Si vous n&#8217;\u00eates pas satisfait lorsque vous recevez l&#8217;article, veuillez le retourner dans les 7 jours pour un remplacement ou un remboursement. Veuillez nous contacter pour un guide de retour avant de le renvoyer.<\/span><\/span><\/div>\n<div style=\"margin: 0.0px;padding: 0.0px;border: 0.0px;font-style: inherit;font-weight: inherit;font-size: inherit;line-height: inherit;vertical-align: baseline\"><span style=\"font-size: 14.0px\"><span style=\"font-family: georgia , serif\">4. Tous les articles retourn\u00e9s doivent \u00eatre dans l&#8217;emballage d&#8217;origine et vous devez nous fournir le num\u00e9ro de suivi d&#8217;exp\u00e9dition, la raison sp\u00e9cifique du retour, et votre ID de commande.<\/span><\/span><\/div>\n<div style=\"margin: 0.0px;padding: 0.0px;border: 0.0px;font-style: inherit;font-weight: inherit;font-size: inherit;line-height: inherit;vertical-align: baseline\"><span style=\"font-size: 14.0px\"><span style=\"font-family: georgia , serif\">5. Si l&#8217;article est d\u00e9fectueux dans les 3 mois, nous vous enverrons un remplacement sans frais suppl\u00e9mentaires, ou nous vous offrirons un remboursement apr\u00e8s avoir re\u00e7u l&#8217;article d\u00e9fectueux.<\/span><\/span><\/div>\n<div style=\"margin: 0.0px;padding: 0.0px;border: 0.0px;font-style: inherit;font-weight: inherit;font-size: inherit;line-height: inherit;vertical-align: baseline\"><span style=\"font-size: 14.0px\"><span style=\"font-family: georgia , serif\">6. Si l&#8217;article est d\u00e9fectueux apr\u00e8s 3 mois, vous pouvez toujours nous le renvoyer. Nous vous enverrons un nouveau apr\u00e8s avoir re\u00e7u l&#8217;article d\u00e9fectueux. Mais vous devez payer les frais d&#8217;exp\u00e9dition suppl\u00e9mentaires.<\/span><\/span><\/div>\n<div style=\"margin: 0.0px;padding: 0.0px;border: 0.0px;font-style: inherit;font-weight: inherit;font-size: inherit;line-height: inherit;vertical-align: baseline\"><span style=\"font-size: 14.0px\"><span style=\"font-family: georgia , serif\">7. Vous acceptez toutes les politiques ci-dessus en commandant sur aliexpress!<\/span><\/span><\/div>\n<div><span style=\"color: #3366cc\"><span style=\"font-family: georgia , serif\"><span style=\"font-size: 16.0px\"><strong><span style=\"margin: 0.0px;padding: 0.0px;border: 0.0px;font-style: inherit;font-weight: inherit;line-height: inherit;vertical-align: baseline\">Commentaires<\/span><\/strong><\/span><\/span><\/span><\/div>\n<div><span style=\"font-size: 14.0px\"><span style=\"font-family: georgia , serif\">Si vous \u00eates satisfait de nos produits, veuillez nous donner 5 \u00e9toiles<\/span><\/span><\/div>\n<div><span style=\"font-size: 14.0px\"><span style=\"font-family: georgia , serif\">Votre satisfaction et vos commentaires positifs sont tr\u00e8s importants pour nous. Veuillez laisser des commentaires positifs et 5 \u00e9toiles si vous \u00eates satisfait de nos articles et services. Si vous avez des probl\u00e8mes avec nos articles ou services, n&#8217;h\u00e9sitez pas \u00e0 nous contacter avant de laisser un commentaire n\u00e9gatif. Nous ferons de notre mieux pour r\u00e9soudre tout probl\u00e8me et vous fournir les meilleurs services \u00e0 la client\u00e8le. Nous vous donnerons un commentaire positif apr\u00e8s avoir re\u00e7u le paiement. Si vous n&#8217;\u00eates pas satisfait de vos articles, veuillez contacter notre Service client.<\/span><\/span><\/div>\n<\/p>\n<p><span style=\"font-size: 14.0px\"><span style=\"font-family: georgia , serif\">Nous maintenons des normes d&#8217;excellence \u00e9lev\u00e9es pour assurer 100% de satisfaction \u00e0 nos clients! Les commentaires sont tr\u00e8s importants nous vous recommandons de nous contacter imm\u00e9diatement avant de nous donner des commentaires neutres ou n\u00e9gatifs, afin que nous puissions r\u00e9gler vos probl\u00e8mes de mani\u00e8re satisfaisante.<\/span><\/span><\/p>\n<p><span style=\"font-size: 14.0px\"><span style=\"font-family: georgia , serif\">Il est impossible de r\u00e9soudre les probl\u00e8mes si on ne les conna\u00eet pas!<\/span><\/span><\/p>\n<p><span style=\"font-size: 14.0px\"><span style=\"font-family: georgia , serif\"><img data-pinit=\"registered\" src=\"https:\/\/ae01.alicdn.com\/kf\/Hf9f064d2e9e64b5594d37b1a0af8d5d5f.jpg?width=899&amp;height=429&amp;hash=1328\"><\/span><\/span><\/p>\n<\/div>\n<div style=\"margin:10px auto 0;max-width:100%\"><img src=\"https:\/\/ae01.alicdn.com\/kf\/H89f8b6056087435e83132f01b1faa9ffM.jpg?width=932&amp;height=540&amp;hash=1472\"><\/div>\n<div style=\"margin:10px auto 0;max-width:100%\"><img src=\"https:\/\/ae01.alicdn.com\/kf\/Hd613a14bddfc4415824a2ed5844e7d5c0.jpg?width=932&amp;height=550&amp;hash=1482\"><\/div>\n<div style=\"margin:10px auto 0;max-width:100%\"><img src=\"https:\/\/ae01.alicdn.com\/kf\/Haae25feae80a422682ebc08c4a9b41b5k.jpg?width=932&amp;height=400&amp;hash=1332\"><\/div>\n","protected":false},"excerpt":{"rendered":"<p>Nom de marque:&nbsp;FNICEL Fournitures DIY:&nbsp;Woodworking Type:&nbsp;Combinaison Origine:&nbsp;CN (Origine) Num\u00e9ro de Mod\u00e8le:&nbsp;65Mn Trimmer Head Paquet:&nbsp;Bo\u00eetier Application:&nbsp;Ensemble d\u2019outils m\u00e9nagers Taille:&nbsp;as picture show Material:&nbsp;High Carbon Steel Type:&nbsp;Garden Tool Parts Length:&nbsp;About 330mm Sp\u00e9cification: BRand nouveau Mat\u00e9riau: acier au mangan\u00e8se Couleur: noir Diam\u00e8tre du trou de montage: env. 25.4mm \/ 1 pouce Longueur totale: env. 33cm \/ 12.99 pouces Diam\u00e8tre: [&hellip;]<\/p>\n","protected":false},"featured_media":141,"comment_status":"open","ping_status":"closed","template":"","meta":{"om_disable_all_campaigns":false,"_monsterinsights_skip_tracking":false,"_monsterinsights_sitenote_active":false,"_monsterinsights_sitenote_note":"","_monsterinsights_sitenote_category":0},"product_cat":[],"product_tag":[],"aioseo_notices":[],"_links":{"self":[{"href":"https:\/\/alidropship.unedemo.online\/index.php\/wp-json\/wp\/v2\/product\/140"}],"collection":[{"href":"https:\/\/alidropship.unedemo.online\/index.php\/wp-json\/wp\/v2\/product"}],"about":[{"href":"https:\/\/alidropship.unedemo.online\/index.php\/wp-json\/wp\/v2\/types\/product"}],"replies":[{"embeddable":true,"href":"https:\/\/alidropship.unedemo.online\/index.php\/wp-json\/wp\/v2\/comments?post=140"}],"wp:featuredmedia":[{"embeddable":true,"href":"https:\/\/alidropship.unedemo.online\/index.php\/wp-json\/wp\/v2\/media\/141"}],"wp:attachment":[{"href":"https:\/\/alidropship.unedemo.online\/index.php\/wp-json\/wp\/v2\/media?parent=140"}],"wp:term":[{"taxonomy":"product_cat","embeddable":true,"href":"https:\/\/alidropship.unedemo.online\/index.php\/wp-json\/wp\/v2\/product_cat?post=140"},{"taxonomy":"product_tag","embeddable":true,"href":"https:\/\/alidropship.unedemo.online\/index.php\/wp-json\/wp\/v2\/product_tag?post=140"}],"curies":[{"name":"wp","href":"https:\/\/api.w.org\/{rel}","templated":true}]}}