{"id":149,"date":"2022-10-10T15:34:33","date_gmt":"2022-10-10T15:34:33","guid":{"rendered":"https:\/\/alidropship.unedemo.online\/index.php\/product\/pistolet-pneumatique-de-soufflage-de-poussiere-a-double-usage-avec-3-buses-pieces-laspiration-et-le-depoussierage\/"},"modified":"2022-10-10T15:34:34","modified_gmt":"2022-10-10T15:34:34","slug":"pistolet-pneumatique-de-soufflage-de-poussiere-a-double-usage-avec-3-buses-pieces-laspiration-et-le-depoussierage","status":"publish","type":"product","link":"https:\/\/alidropship.unedemo.online\/index.php\/product\/pistolet-pneumatique-de-soufflage-de-poussiere-a-double-usage-avec-3-buses-pieces-laspiration-et-le-depoussierage\/","title":{"rendered":"Pistolet pneumatique de soufflage de poussi\u00e8re \u00e0 double usage, avec 3 buses pi\u00e8ces l&#8217;aspiration et le d\u00e9poussi\u00e9rage"},"content":{"rendered":"\n<div class=\"product-specs-list-container\">\n<ul class=\"product-specs-list util-clearfix\">\n<li class=\"product-prop line-limit-length\"><span class=\"property-title\">Nom de marque:&nbsp;<\/span><span class=\"property-desc line-limit-length\">HIFESON<\/span>\n                        <\/li>\n<li class=\"product-prop line-limit-length\"><span class=\"property-title\">Origine:&nbsp;<\/span><span class=\"property-desc line-limit-length\">CN (Origine)<\/span>\n                        <\/li>\n<li class=\"product-prop line-limit-length\"><span class=\"property-title\">Type:&nbsp;<\/span><span class=\"property-desc line-limit-length\">Autre<\/span>\n                        <\/li>\n<li class=\"product-prop line-limit-length\"><span class=\"property-title\">Personnalis\u00e9:&nbsp;<\/span><span class=\"property-desc line-limit-length\">Oui<\/span>\n                        <\/li>\n<li class=\"product-prop line-limit-length\"><span class=\"property-title\">Consommation moyenne d\u2019air:&nbsp;<\/span><span class=\"property-desc line-limit-length\">10CFM<\/span>\n                        <\/li>\n<li class=\"product-prop line-limit-length\"><span class=\"property-title\">Certification:&nbsp;<\/span><span class=\"property-desc line-limit-length\">NONE<\/span>\n                        <\/li>\n<li class=\"product-prop line-limit-length\"><span class=\"property-title\">Num\u00e9ro de Mod\u00e8le:&nbsp;<\/span><span class=\"property-desc line-limit-length\">CX9\/007<\/span>\n                        <\/li>\n<li class=\"product-prop line-limit-length\"><span class=\"property-title\">Utilisation:&nbsp;<\/span><span class=\"property-desc line-limit-length\">\u00c9quipe de r\u00e9novation<\/span>\n                        <\/li>\n<li class=\"product-prop line-limit-length\"><span class=\"property-title\">suction:&nbsp;<\/span><span class=\"property-desc line-limit-length\">6kg<\/span>\n                        <\/li>\n<li class=\"product-prop line-limit-length\"><span class=\"property-title\">air pressure:&nbsp;<\/span><span class=\"property-desc line-limit-length\">90PSI<\/span>\n                        <\/li>\n<\/ul><\/div>\n<div class=\"detailmodule_html\">\n<div class=\"detail-desc-decorate-richtext\">\n<div class=\"detailmodule_text-image\">\n<p style=\"font-family:OpenSans;font-size:20px;font-weight:900;line-height:28px;margin-bottom:12px\" class=\"detail-desc-decorate-title\">Param\u00e8tre de produit<\/p>\n<div><img class=\"detail-desc-decorate-image\" src=\"https:\/\/ae01.alicdn.com\/kf\/H21350f096e304a399c22fb78cbbabef36.jpg\" \/><\/div>\n<\/div>\n<div class=\"detailmodule_text-image\">\n<p style=\"font-family:OpenSans;font-size:20px;font-weight:900;line-height:28px;margin-bottom:12px\" class=\"detail-desc-decorate-title\">Avec 3 buses diff\u00e9rentes<\/p>\n<div><img class=\"detail-desc-decorate-image\" src=\"https:\/\/ae01.alicdn.com\/kf\/H954b710ffa474060982c30a32fb07efec.jpg\" \/><img class=\"detail-desc-decorate-image\" src=\"https:\/\/ae01.alicdn.com\/kf\/H4a9813f0b628472cb4797d01aad3ddf2F.jpg\" \/><\/div>\n<\/div>\n<div class=\"detailmodule_text-image\">\n<p style=\"font-family:OpenSans;font-size:14px;font-weight:300;line-height:20px;margin-bottom:12px\" class=\"detail-desc-decorate-content\">S.<\/p>\n<div><img class=\"detail-desc-decorate-image\" src=\"https:\/\/ae01.alicdn.com\/kf\/Hb071c31fa300496a832728ee3e18e617L.jpg\" \/><img class=\"detail-desc-decorate-image\" src=\"https:\/\/ae01.alicdn.com\/kf\/H9ffff0335d86414ca96ece90a96a1744v.jpg\" \/><\/div>\n<\/div>\n<div class=\"detailmodule_text-image\">\n<p style=\"font-family:OpenSans;font-size:20px;font-weight:900;line-height:28px;margin-bottom:12px\" class=\"detail-desc-decorate-title\">Emballage inclus<\/p>\n<div><img class=\"detail-desc-decorate-image\" src=\"https:\/\/ae01.alicdn.com\/kf\/H199721c9424f4a4c9dabf8dc4538d334o.jpg\" \/><\/div>\n<\/div>\n<div class=\"detailmodule_text-image\">\n<p style=\"font-family:OpenSans;font-size:20px;font-weight:900;line-height:28px;margin-bottom:12px\" class=\"detail-desc-decorate-title\">Original Outil et Accessoire<\/p>\n<p style=\"font-family:OpenSans;font-size:14px;font-weight:300;line-height:20px;margin-bottom:12px\" class=\"detail-desc-decorate-content\">Cliquez pour trouver plus d&#8217;outils et d&#8217;accessoires, bienvenue \u00e0 nous contacter pour plus de coop\u00e9ration commerciale, OEM personnalis\u00e9, ODM, etc.<\/p>\n<div><a href=\"https:\/\/www.aliexpress.com\/store\/5082386?spm=2114.12010615.100004.2.6a9631d6twfCAk\" target=\"_self\" class=\"\" rel=\"noopener\"><img class=\"detail-desc-decorate-image\" src=\"https:\/\/ae01.alicdn.com\/kf\/H0e290c171af14197974df3d0a549375aZ.jpg\" \/><\/a><\/div>\n<\/div>\n<p><\/p>\n<\/div>\n<\/div>\n","protected":false},"excerpt":{"rendered":"<p>Nom de marque:&nbsp;HIFESON Origine:&nbsp;CN (Origine) Type:&nbsp;Autre Personnalis\u00e9:&nbsp;Oui Consommation moyenne d\u2019air:&nbsp;10CFM Certification:&nbsp;NONE Num\u00e9ro de Mod\u00e8le:&nbsp;CX9\/007 Utilisation:&nbsp;\u00c9quipe de r\u00e9novation suction:&nbsp;6kg air pressure:&nbsp;90PSI Param\u00e8tre de produit Avec 3 buses diff\u00e9rentes S. Emballage inclus Original Outil et Accessoire Cliquez pour trouver plus d&#8217;outils et d&#8217;accessoires, bienvenue \u00e0 nous contacter pour plus de coop\u00e9ration commerciale, OEM personnalis\u00e9, ODM, etc.<\/p>\n","protected":false},"featured_media":150,"comment_status":"open","ping_status":"closed","template":"","meta":{"om_disable_all_campaigns":false,"_monsterinsights_skip_tracking":false,"_monsterinsights_sitenote_active":false,"_monsterinsights_sitenote_note":"","_monsterinsights_sitenote_category":0},"product_cat":[],"product_tag":[],"aioseo_notices":[],"_links":{"self":[{"href":"https:\/\/alidropship.unedemo.online\/index.php\/wp-json\/wp\/v2\/product\/149"}],"collection":[{"href":"https:\/\/alidropship.unedemo.online\/index.php\/wp-json\/wp\/v2\/product"}],"about":[{"href":"https:\/\/alidropship.unedemo.online\/index.php\/wp-json\/wp\/v2\/types\/product"}],"replies":[{"embeddable":true,"href":"https:\/\/alidropship.unedemo.online\/index.php\/wp-json\/wp\/v2\/comments?post=149"}],"wp:featuredmedia":[{"embeddable":true,"href":"https:\/\/alidropship.unedemo.online\/index.php\/wp-json\/wp\/v2\/media\/150"}],"wp:attachment":[{"href":"https:\/\/alidropship.unedemo.online\/index.php\/wp-json\/wp\/v2\/media?parent=149"}],"wp:term":[{"taxonomy":"product_cat","embeddable":true,"href":"https:\/\/alidropship.unedemo.online\/index.php\/wp-json\/wp\/v2\/product_cat?post=149"},{"taxonomy":"product_tag","embeddable":true,"href":"https:\/\/alidropship.unedemo.online\/index.php\/wp-json\/wp\/v2\/product_tag?post=149"}],"curies":[{"name":"wp","href":"https:\/\/api.w.org\/{rel}","templated":true}]}}