{"id":16,"date":"2022-10-10T15:34:04","date_gmt":"2022-10-10T15:34:04","guid":{"rendered":"https:\/\/alidropship.unedemo.online\/index.php\/product\/veste-homme-et-femme-coupe-vent-ultralegere-impermeable-manteau-a-sechage-rapide-protection-solaire-uv-vetements-dexterieur\/"},"modified":"2022-10-10T15:34:11","modified_gmt":"2022-10-10T15:34:11","slug":"veste-homme-et-femme-coupe-vent-ultralegere-impermeable-manteau-a-sechage-rapide-protection-solaire-uv-vetements-dexterieur","status":"publish","type":"product","link":"https:\/\/alidropship.unedemo.online\/index.php\/product\/veste-homme-et-femme-coupe-vent-ultralegere-impermeable-manteau-a-sechage-rapide-protection-solaire-uv-vetements-dexterieur\/","title":{"rendered":"Veste Homme Et Femme Coupe-Vent Ultral\u00e9g\u00e8re, Imperm\u00e9able, Manteau \u00c0 S\u00e9chage Rapide, Protection Solaire UV, V\u00eatements D&#8217;Ext\u00e9rieur"},"content":{"rendered":"\n<div class=\"product-specs-list-container\">\n<ul class=\"product-specs-list util-clearfix\">\n<li class=\"product-prop line-limit-length\"><span class=\"property-title\">Nom de marque:&nbsp;<\/span><span class=\"property-desc line-limit-length\">SANWOOD<\/span>\n                        <\/li>\n<li class=\"product-prop line-limit-length\"><span class=\"property-title\">Origine:&nbsp;<\/span><span class=\"property-desc line-limit-length\">CN (Origine)<\/span>\n                        <\/li>\n<li class=\"product-prop line-limit-length\"><span class=\"property-title\">CN:&nbsp;<\/span><span class=\"property-desc line-limit-length\">Guangdong<\/span>\n                        <\/li>\n<li class=\"product-prop line-limit-length\"><span class=\"property-title\">Saison Applicable:&nbsp;<\/span><span class=\"property-desc line-limit-length\">Printemps et automne<\/span>\n                        <\/li>\n<li class=\"product-prop line-limit-length\"><span class=\"property-title\">Mat\u00e9riau:&nbsp;<\/span><span class=\"property-desc line-limit-length\">POLYESTER<\/span>\n                        <\/li>\n<li class=\"product-prop line-limit-length\"><span class=\"property-title\">\u00c9paisseur:&nbsp;<\/span><span class=\"property-desc line-limit-length\">Mince<\/span>\n                        <\/li>\n<li class=\"product-prop line-limit-length\"><span class=\"property-title\">Mat\u00e9riel Doublure:&nbsp;<\/span><span class=\"property-desc line-limit-length\">POLYESTER<\/span>\n                        <\/li>\n<li class=\"product-prop line-limit-length\"><span class=\"property-title\">Applicable Scene:&nbsp;<\/span><span class=\"property-desc line-limit-length\">Beach<\/span>\n                        <\/li>\n<li class=\"product-prop line-limit-length\"><span class=\"property-title\">Style:&nbsp;<\/span><span class=\"property-desc line-limit-length\">Sport<\/span>\n                        <\/li>\n<li class=\"product-prop line-limit-length\"><span class=\"property-title\">Type de manteaux:&nbsp;<\/span><span class=\"property-desc line-limit-length\">VESTES<\/span>\n                        <\/li>\n<li class=\"product-prop line-limit-length\"><span class=\"property-title\">D\u00e9coration:&nbsp;<\/span><span class=\"property-desc line-limit-length\">NONE<\/span>\n                        <\/li>\n<li class=\"product-prop line-limit-length\"><span class=\"property-title\">Style manchette:&nbsp;<\/span><span class=\"property-desc line-limit-length\">Conventionnel<\/span>\n                        <\/li>\n<li class=\"product-prop line-limit-length\"><span class=\"property-title\">Sexe:&nbsp;<\/span><span class=\"property-desc line-limit-length\">MEN<\/span>\n                        <\/li>\n<li class=\"product-prop line-limit-length\"><span class=\"property-title\">Longueur de V\u00eatement:&nbsp;<\/span><span class=\"property-desc line-limit-length\">REGULAR<\/span>\n                        <\/li>\n<li class=\"product-prop line-limit-length\"><span class=\"property-title\">Type D&#8217;article:&nbsp;<\/span><span class=\"property-desc line-limit-length\">Manteaux<\/span>\n                        <\/li>\n<li class=\"product-prop line-limit-length\"><span class=\"property-title\">Num\u00e9ro de Mod\u00e8le:&nbsp;<\/span><span class=\"property-desc line-limit-length\">14018520<\/span>\n                        <\/li>\n<li class=\"product-prop line-limit-length\"><span class=\"property-title\">Partie d\u00e9tachable:&nbsp;<\/span><span class=\"property-desc line-limit-length\">NONE<\/span>\n                        <\/li>\n<li class=\"product-prop line-limit-length\"><span class=\"property-title\">Type:&nbsp;<\/span><span class=\"property-desc line-limit-length\">REGULAR<\/span>\n                        <\/li>\n<li class=\"product-prop line-limit-length\"><span class=\"property-title\">Collier:&nbsp;<\/span><span class=\"property-desc line-limit-length\">Avec Nood<\/span>\n                        <\/li>\n<li class=\"product-prop line-limit-length\"><span class=\"property-title\">Type de fermeture:&nbsp;<\/span><span class=\"property-desc line-limit-length\">Seins simples<\/span>\n                        <\/li>\n<li class=\"product-prop line-limit-length\"><span class=\"property-title\">Style de Manches:&nbsp;<\/span><span class=\"property-desc line-limit-length\">REGULAR<\/span>\n                        <\/li>\n<li class=\"product-prop line-limit-length\"><span class=\"property-title\">\u00c0 capuche:&nbsp;<\/span><span class=\"property-desc line-limit-length\">Oui<\/span>\n                        <\/li>\n<li class=\"product-prop line-limit-length\"><span class=\"property-title\">Type de Motif:&nbsp;<\/span><span class=\"property-desc line-limit-length\">Solide<\/span>\n                        <\/li>\n<li class=\"product-prop line-limit-length\"><span class=\"property-title\">Features1::&nbsp;<\/span><span class=\"property-desc line-limit-length\">Sun Protection<\/span>\n                        <\/li>\n<li class=\"product-prop line-limit-length\"><span class=\"property-title\">Features2::&nbsp;<\/span><span class=\"property-desc line-limit-length\">Windproof<\/span>\n                        <\/li>\n<li class=\"product-prop line-limit-length\"><span class=\"property-title\">Features3::&nbsp;<\/span><span class=\"property-desc line-limit-length\">Lightweight<\/span>\n                        <\/li>\n<li class=\"product-prop line-limit-length\"><span class=\"property-title\">Features4::&nbsp;<\/span><span class=\"property-desc line-limit-length\">Perfect for outdoor activities<\/span>\n                        <\/li>\n<li class=\"product-prop line-limit-length\"><span class=\"property-title\">Features5::&nbsp;<\/span><span class=\"property-desc line-limit-length\">Excellent<\/span>\n                        <\/li>\n<li class=\"product-prop line-limit-length\"><span class=\"property-title\">Features6::&nbsp;<\/span><span class=\"property-desc line-limit-length\">Easy to pack<\/span>\n                        <\/li>\n<li class=\"product-prop line-limit-length\"><span class=\"property-title\">Features7::&nbsp;<\/span><span class=\"property-desc line-limit-length\">Easy to wear or travel<\/span>\n                        <\/li>\n<li class=\"product-prop line-limit-length\"><span class=\"property-title\">Features8::&nbsp;<\/span><span class=\"property-desc line-limit-length\">Comfortable<\/span>\n                        <\/li>\n<li class=\"product-prop line-limit-length\"><span class=\"property-title\">Occasions::&nbsp;<\/span><span class=\"property-desc line-limit-length\">Daily Life, Fishing, Hiking, etc<\/span>\n                        <\/li>\n<li class=\"product-prop line-limit-length\"><span class=\"property-title\">Gender::&nbsp;<\/span><span class=\"property-desc line-limit-length\">Unisex<\/span>\n                        <\/li>\n<li class=\"product-prop line-limit-length\"><span class=\"property-title\">Men&#8217;s jacket:&nbsp;<\/span><span class=\"property-desc line-limit-length\">Men&#8217;s windbreaker<\/span>\n                        <\/li>\n<li class=\"product-prop line-limit-length\"><span class=\"property-title\">Jackets:&nbsp;<\/span><span class=\"property-desc line-limit-length\">jackets,Men&#8217;s jacket,Windbreak<\/span>\n                        <\/li>\n<li class=\"product-prop line-limit-length\"><span class=\"property-title\">jackets:&nbsp;<\/span><span class=\"property-desc line-limit-length\">Man windbreaker<\/span>\n                        <\/li>\n<li class=\"product-prop line-limit-length\"><span class=\"property-title\">Jackets man:&nbsp;<\/span><span class=\"property-desc line-limit-length\">jackets for men<\/span>\n                        <\/li>\n<li class=\"product-prop line-limit-length\"><span class=\"property-title\">Jacket:&nbsp;<\/span><span class=\"property-desc line-limit-length\">Women&#8217;s windbreaker,Bomber jacket<\/span>\n                        <\/li>\n<li class=\"product-prop line-limit-length\"><span class=\"property-title\">Man jacket:&nbsp;<\/span><span class=\"property-desc line-limit-length\">Jackets man<\/span>\n                        <\/li>\n<li class=\"product-prop line-limit-length\"><span class=\"property-title\">Coats:&nbsp;<\/span><span class=\"property-desc line-limit-length\">Men&#8217;s coat<\/span>\n                        <\/li>\n<li class=\"product-prop line-limit-length\"><span class=\"property-title\">denim jacket:&nbsp;<\/span><span class=\"property-desc line-limit-length\">Men&#8217;s coat<\/span>\n                        <\/li>\n<li class=\"product-prop line-limit-length\"><span class=\"property-title\">Windbreak:&nbsp;<\/span><span class=\"property-desc line-limit-length\">Men&#8217;s clothing<\/span>\n                        <\/li>\n<li class=\"product-prop line-limit-length\"><span class=\"property-title\">Suitable1:&nbsp;<\/span><span class=\"property-desc line-limit-length\">Men&#8217;s windbreaker<\/span>\n                        <\/li>\n<li class=\"product-prop line-limit-length\"><span class=\"property-title\">Suitable2:&nbsp;<\/span><span class=\"property-desc line-limit-length\">Women&#8217;s windbreaker<\/span>\n                        <\/li>\n<li class=\"product-prop line-limit-length\"><span class=\"property-title\">Suitable3:&nbsp;<\/span><span class=\"property-desc line-limit-length\">Spring men&#8217;s jacket<\/span>\n                        <\/li>\n<li class=\"product-prop line-limit-length\"><span class=\"property-title\">Suitable4:&nbsp;<\/span><span class=\"property-desc line-limit-length\">Bomber male<\/span>\n                        <\/li>\n<li class=\"product-prop line-limit-length\"><span class=\"property-title\">Suitable5:&nbsp;<\/span><span class=\"property-desc line-limit-length\">Motorcycle jacket<\/span>\n                        <\/li>\n<li class=\"product-prop line-limit-length\"><span class=\"property-title\">Suitable6:&nbsp;<\/span><span class=\"property-desc line-limit-length\">Women&#8217;s bomber jacket<\/span>\n                        <\/li>\n<li class=\"product-prop line-limit-length\"><span class=\"property-title\">Suitable7:&nbsp;<\/span><span class=\"property-desc line-limit-length\">Women jacket<\/span>\n                        <\/li>\n<li class=\"product-prop line-limit-length\"><span class=\"property-title\">Suitable8:&nbsp;<\/span><span class=\"property-desc line-limit-length\">Male leather jacket<\/span>\n                        <\/li>\n<li class=\"product-prop line-limit-length\"><span class=\"property-title\">Feature:&nbsp;<\/span><span class=\"property-desc line-limit-length\">High quality<\/span>\n                        <\/li>\n<li class=\"product-prop line-limit-length\"><span class=\"property-title\">Wholesles:&nbsp;<\/span><span class=\"property-desc line-limit-length\">Yes<\/span>\n                        <\/li>\n<li class=\"product-prop line-limit-length\"><span class=\"property-title\">Dropshipping:&nbsp;<\/span><span class=\"property-desc line-limit-length\">Support<\/span>\n                        <\/li>\n<li class=\"product-prop line-limit-length\"><span class=\"property-title\">Coat:&nbsp;<\/span><span class=\"property-desc line-limit-length\">corta vento masculino,Men&#8217;s windbreaker,chaquetas,cortavientos,jaqueta masculina,Men&#8217;s jacket,jackets for men,windbreakers,casaco masculino,Men&#8217;s coat,cortavientos hombre,Man windbreaker,corta vento masculino,summer wind coat,cortaviento,corta vendo masculino,Sunscreen,casacas para hombre cortaviento,jackets for men windbreaker,quebra vento,wind break,quick dry skin coat,rain jaket for men,rain jacket for men<\/span>\n                        <\/li>\n<li class=\"product-prop line-limit-length\"><span class=\"property-title\">A:&nbsp;<\/span><span class=\"property-desc line-limit-length\">14018520<\/span>\n                        <\/li>\n<li class=\"product-prop line-limit-length\"><span class=\"property-title\">B:&nbsp;<\/span><span class=\"property-desc line-limit-length\">14018519<\/span>\n                        <\/li>\n<\/ul><\/div>\n<div class=\"detailmodule_html\">\n<div class=\"detail-desc-decorate-richtext\">\n<p><\/p>\n<div class=\"detailmodule_dynamic\"><\/div>\n<div class=\"detailmodule_html\">\n<div class=\"detail-desc-decorate-richtext\">\n<div><\/div>\n<div class=\"detailmodule_html\">\n<div class=\"detail-desc-decorate-richtext\">\n<div class=\"detailmodule_dynamic\">\n<div class=\"detailmodule_media\">\n<div class=\"video-container-1100018987554\">\n<div class=\"detail-video\" id=\"1100018987554\" data-previewurl=\"https:\/\/ae01.alicdn.com\/kf\/S712ae2201f08406487c5b16782c1553aI.jpg\"><\/div>\n<\/div>\n<\/div>\n<\/div>\n<div class=\"detailmodule_dynamic\"><span style=\"font-size:16px\"><strong>Unisexe \u00e9t\u00e9 l\u00e9ger Protection solaire veste Anti-UV s\u00e9chage rapide sport coupe-vent Runing cyclisme veste Protection solaire coupe-vent<\/strong><\/span><\/div>\n<div class=\"detailmodule_html\">\n<div class=\"detail-desc-decorate-richtext\">\n<div style=\", Roboto, Arial, Helvetica, sans-serif, SimSun;font-size:14px;font-weight:400;letter-spacing:normal;text-align:start;margin:0px 0px 12px;margin-bottom:12px;margin-top:0px;margin-left:0px;margin-right:0px;padding:0px;padding-bottom:0px;padding-top:0px;padding-left:0px;padding-right:0px\" class=\"product-reviewer\" align=\"start\">\n<div style=\"margin:0px 8px 0px 0px;margin-bottom:0px;margin-top:0px;margin-left:0px;margin-right:8px;padding:0px;padding-bottom:0px;padding-top:0px;padding-left:0px;padding-right:0px\" class=\"overview-rating\">\n<div style=\"font-size:16px;margin:0px;margin-bottom:0px;margin-top:0px;margin-left:0px;margin-right:0px;padding:0px;padding-bottom:0px;padding-top:0px;padding-left:0px;padding-right:0px\" class=\"next-rating next-rating-large next-rating-grade-high\">\n<div style=\"margin:0px;margin-bottom:0px;margin-top:0px;margin-left:0px;margin-right:0px;padding:0px;padding-bottom:0px;padding-top:0px;padding-left:0px;padding-right:0px;float:left\" class=\"next-rating-base next-rating-base-disabled\">\n<div><\/div>\n<p><span style=\"font-size:16px\"><strong>Veste de randonn\u00e9e homme coupe-vent femme s\u00e9chage rapide Camping chasse v\u00eatements de protection solaire Sports de plein air manteaux Anti UV<\/strong><\/span><\/p>\n<\/div>\n<\/div>\n<\/div>\n<\/div>\n<div style=\", Roboto, Arial, Helvetica, sans-serif, SimSun;font-size:14px;font-weight:400;letter-spacing:normal;text-align:start;margin:0px 0px 12px;margin-bottom:12px;margin-top:0px;margin-left:0px;margin-right:0px;padding:0px;padding-bottom:0px;padding-top:0px;padding-left:0px;padding-right:0px\" class=\"product-reviewer\" align=\"start\">\n<div style=\"margin:0px 8px 0px 0px;margin-bottom:0px;margin-top:0px;margin-left:0px;margin-right:8px;padding:0px;padding-bottom:0px;padding-top:0px;padding-left:0px;padding-right:0px\" class=\"overview-rating\">\n<div style=\"font-size:16px;margin:0px;margin-bottom:0px;margin-top:0px;margin-left:0px;margin-right:0px;padding:0px;padding-bottom:0px;padding-top:0px;padding-left:0px;padding-right:0px\" class=\"next-rating next-rating-large next-rating-grade-high\">\n<div style=\"margin:0px;margin-bottom:0px;margin-top:0px;margin-left:0px;margin-right:0px;padding:0px;padding-bottom:0px;padding-top:0px;padding-left:0px;padding-right:0px;float:left\" class=\"next-rating-base next-rating-base-disabled\">\n<div style=\", Roboto, Arial, Helvetica, sans-serif, SimSun;font-size:14px;font-weight:400;letter-spacing:normal;text-align:start;margin:0px 0px 12px;margin-bottom:12px;margin-top:0px;margin-left:0px;margin-right:0px;padding:0px;padding-bottom:0px;padding-top:0px;padding-left:0px;padding-right:0px\" class=\"product-reviewer\" align=\"start\">\n<div style=\"margin:0px 8px 0px 0px;margin-bottom:0px;margin-top:0px;margin-left:0px;margin-right:8px;padding:0px;padding-bottom:0px;padding-top:0px;padding-left:0px;padding-right:0px\" class=\"overview-rating\">\n<div style=\"font-size:16px;margin:0px;margin-bottom:0px;margin-top:0px;margin-left:0px;margin-right:0px;padding:0px;padding-bottom:0px;padding-top:0px;padding-left:0px;padding-right:0px\" class=\"next-rating next-rating-large next-rating-grade-high\">\n<div style=\"margin:0px;margin-bottom:0px;margin-top:0px;margin-left:0px;margin-right:0px;padding:0px;padding-bottom:0px;padding-top:0px;padding-left:0px;padding-right:0px;float:left\" class=\"next-rating-base next-rating-base-disabled\">\n<div><\/div>\n<p><span style=\"font-size:16px\"><strong>Camping veste de pluie hommes femmes imperm\u00e9able Protection solaire v\u00eatements p\u00eache chasse v\u00eatements s\u00e9chage rapide peau coupe-vent avec poche<\/strong><\/span><\/p>\n<\/div>\n<\/div>\n<\/div>\n<\/div>\n<\/div>\n<\/div>\n<\/div>\n<\/div>\n<p><span style=\"font-size:16px\"><strong>Camping veste de pluie hommes femmes imperm\u00e9able Protection solaire v\u00eatements p\u00eache chasse v\u00eatements s\u00e9chage rapide peau coupe-vent Anti UV manteau<\/strong><\/span><\/p>\n<div style=\", Roboto, Arial, Helvetica, sans-serif, SimSun;font-size:14px;font-weight:400;letter-spacing:normal;text-align:start;margin:0px 0px 12px;margin-bottom:12px;margin-top:0px;margin-left:0px;margin-right:0px;padding:0px;padding-bottom:0px;padding-top:0px;padding-left:0px;padding-right:0px\" class=\"product-reviewer\" align=\"start\">\n<div style=\"margin:0px 8px 0px 0px;margin-bottom:0px;margin-top:0px;margin-left:0px;margin-right:8px;padding:0px;padding-bottom:0px;padding-top:0px;padding-left:0px;padding-right:0px\" class=\"overview-rating\">\n<div style=\"font-size:16px;margin:0px;margin-bottom:0px;margin-top:0px;margin-left:0px;margin-right:0px;padding:0px;padding-bottom:0px;padding-top:0px;padding-left:0px;padding-right:0px\" class=\"next-rating next-rating-large next-rating-grade-high\">\n<div style=\"margin:0px;margin-bottom:0px;margin-top:0px;margin-left:0px;margin-right:0px;padding:0px;padding-bottom:0px;padding-top:0px;padding-left:0px;padding-right:0px;float:left\" class=\"next-rating-base next-rating-base-disabled\">\n<div><\/div>\n<p><span style=\"font-size:16px\"><strong>Hommes femmes veste imperm\u00e9able soleil prot\u00e9ger veste v\u00eatements p\u00eache chasse d\u00e9couvrir v\u00eatements s\u00e9chage rapide peau coupe-vent<\/strong><\/span><\/p>\n<\/div>\n<\/div>\n<\/div>\n<\/div>\n<p style=\"text-align:left\" align=\"left\"><span style=\"font-size:16px\"><br \/><\/span><span style=\"font-size:16px\"><strong>Sp\u00e9cifications:<\/strong><\/span><span style=\"font-size:16px\"><br \/>Fait de tissu de haute qualit\u00e9 respectueux de la peau, confortable \u00e0 porter.<br \/>Vous prot\u00e9ger du vent et du soleil, parfait pour les activit\u00e9s de plein air.<br \/>L\u00e9ger, facile \u00e0 emballer, \u00e0 porter ou \u00e0 voyager.<\/p>\n<p>Type: Manteau<br \/>Sexe: Unisexe<br \/>Style: Casual<br \/>Mat\u00e9riel: Polyester<br \/>Type De taille: R\u00e9gulier<br \/>Longueur de manche: longue manche<br \/>Occasions: vie quotidienne, p\u00eache, randonn\u00e9e, etc.<br \/>Caract\u00e9ristiques: l\u00e9ger, coupe-vent, Protection solaire<br \/><\/span><span style=\"font-size:16px\">UNE Taille D\u00e9tails<br \/><\/span><span style=\"font-size:16px\">[Notre taille M] buste: 108cm\/42.6 &#8220;, manches: 71cm\/28.0&#8221;, longueur: 64cm\/25.2 &#8220;(environ)<br \/>[Notre taille L] buste: 112cm\/44.1 &#8220;, manches: 73cm\/28.8&#8221;, longueur: 66cm\/26.0 &#8220;(environ)<br \/>[Notre taille XL] buste: 116cm\/45.7 &#8220;, manches: 75cm\/29.6&#8221;, longueur: 68cm\/26.8 &#8220;(environ)<br \/>[Notre taille XXL] buste: 120cm\/47.3 &#8220;, manches: 77cm\/30.3&#8221;, longueur: 70cm\/27.6 &#8220;(environ)<br \/>[Notre taille XXXL] buste: 124cm\/48.9 &#8220;, manches: 79cm\/31.1&#8221;, longueur: 72cm\/28.4 &#8220;(environ)<\/span><\/p>\n<p style=\"text-align:left\" align=\"left\"><span style=\"font-size:16px\">B Taille D\u00e9tails<\/span><\/p>\n<p><span style=\"font-size:16px\">[Notre taille M] longueur: 65cm\/25.59 &#8220;, buste: 104cm\/40.94&#8221;, \u00e9paule: 43cm\/16.93 &#8220;, manche: 61cm\/24.02&#8221; (env.)<\/span><\/p>\n<p><span style=\"font-size:16px\">[Notre taille L] longueur: 66cm\/25.98 &#8220;, buste: 108cm\/42.52&#8221;, \u00e9paule: 44cm\/17.32 &#8220;, manche: 62cm\/24.41&#8221; (environ)<\/span><\/p>\n<p><span style=\"font-size:16px\">[Notre taille XL] longueur: 67cm\/26.38 &#8220;, buste: 112cm\/44.09&#8221;, \u00e9paule: 45cm\/17.72 &#8220;, manche: 63cm\/24.80&#8221; (environ)<\/span><\/p>\n<p><span style=\"font-size:16px\">[Notre taille XXL] longueur: 68cm\/26.77 &#8220;, buste: 116cm\/45.67&#8221;, \u00e9paule: 46cm\/18.11 &#8220;, manche: 64cm\/25.20&#8221; (env.)<\/span><\/p>\n<p><span style=\"font-size:16px\">[Notre taille XXXL] longueur: 69cm\/27.17 &#8220;, buste: 120cm\/47.24&#8221;, \u00e9paule: 47cm\/18.50 &#8220;, manche: 65cm\/25.59&#8221; (env.)<\/p>\n<p>Notes:<br \/>Veuillez vous r\u00e9f\u00e9rer \u00e0 notre tableau des tailles et choisir la bonne taille.<br \/>En raison de la diff\u00e9rence de r\u00e9glage de la lumi\u00e8re et de l&#8217;\u00e9cran, la couleur de l&#8217;article peut \u00eatre l\u00e9g\u00e8rement diff\u00e9rente des images.<\/p>\n<p>Le forfait Comprend:<br \/>1 x Manteau<\/span><\/p>\n<div><img src=\"https:\/\/ae01.alicdn.com\/kf\/S111867f910e0493aab23cf8bf8307c4eA.jpg\" \/><img src=\"https:\/\/ae01.alicdn.com\/kf\/Saccc9bbe8f7f4f9dafec8c9024a6f134g.jpg\" \/><img src=\"https:\/\/ae01.alicdn.com\/kf\/Sedab31cbddbb49e49df63a8db8aa0f7cx.jpg\" \/><img src=\"https:\/\/ae01.alicdn.com\/kf\/S8ded55a41d564b27a4b5cdc46bd810001.jpg\" \/><img src=\"https:\/\/ae01.alicdn.com\/kf\/Sfc6bd9c9d0b64627ac47e7069c59bbd2F.jpg\" \/><img src=\"https:\/\/ae01.alicdn.com\/kf\/Sd32951d5427a436787dc59ea75aeab61W.jpg\" \/><img src=\"https:\/\/ae01.alicdn.com\/kf\/S32792df72b894742b1f44f7ee4016e2dS.jpg\" \/><img src=\"https:\/\/ae01.alicdn.com\/kf\/Se56646e4d86b4a688d3f465eed895a68h.jpg\" \/><img src=\"https:\/\/ae01.alicdn.com\/kf\/Sf9e3cc0c7ce6401b94ef880c5c1ce5843.jpg\" \/><img src=\"https:\/\/ae01.alicdn.com\/kf\/S034a4144abb34990b09813fc208ee88fK.jpg\" \/><img src=\"https:\/\/ae01.alicdn.com\/kf\/Sb1e76e1d5e364a2dbb64ba1c70effa68c.jpg\" \/><img src=\"https:\/\/ae01.alicdn.com\/kf\/S4935ed74dff046fca30ee5e98f67e39dl.jpg\" \/><img src=\"https:\/\/ae01.alicdn.com\/kf\/S74ed6b7cb5634459bad66f9b0bd3072af.jpg\" \/><img src=\"https:\/\/ae01.alicdn.com\/kf\/Sbed0879736dc4f6da9603299eae54e3ex.jpg\" \/><img src=\"https:\/\/ae01.alicdn.com\/kf\/S9625c1ad782643dfae68e2a4c3976cc4m.jpg\" \/><img src=\"https:\/\/ae01.alicdn.com\/kf\/S1c6d27ba429d45d6b1aba54d7be61cb7y.jpg\" \/><img src=\"https:\/\/ae01.alicdn.com\/kf\/S6993cbcd179b46ddb9eb3940ee225d1aT.jpg\" \/><img src=\"https:\/\/ae01.alicdn.com\/kf\/S3cf7253c60a64ab4a7086bbb9d2f23b7R.jpg\" \/><img src=\"https:\/\/ae01.alicdn.com\/kf\/S354227edc2504cbda2836aa160b5fe02Q.jpg\" \/><img src=\"https:\/\/ae01.alicdn.com\/kf\/S9306eb5bdf5a4584ae91c94bf81d28c0j.jpg\" \/><img src=\"https:\/\/ae01.alicdn.com\/kf\/S18d1a2001426489488c4f57c83f09f0f9.jpg\" \/><\/div>\n<\/div>\n<\/div>\n<div class=\"detailmodule_dynamic\"><\/div>\n<p><\/p>\n<\/div>\n<\/div>\n<div class=\"detailmodule_dynamic\"><\/div>\n<div><\/div>\n<\/div>\n<\/div>\n<p><\/p>\n<p><\/div>\n<\/div>\n","protected":false},"excerpt":{"rendered":"<p>Nom de marque:&nbsp;SANWOOD Origine:&nbsp;CN (Origine) CN:&nbsp;Guangdong Saison Applicable:&nbsp;Printemps et automne Mat\u00e9riau:&nbsp;POLYESTER \u00c9paisseur:&nbsp;Mince Mat\u00e9riel Doublure:&nbsp;POLYESTER Applicable Scene:&nbsp;Beach Style:&nbsp;Sport Type de manteaux:&nbsp;VESTES D\u00e9coration:&nbsp;NONE Style manchette:&nbsp;Conventionnel Sexe:&nbsp;MEN Longueur de V\u00eatement:&nbsp;REGULAR Type D&#8217;article:&nbsp;Manteaux Num\u00e9ro de Mod\u00e8le:&nbsp;14018520 Partie d\u00e9tachable:&nbsp;NONE Type:&nbsp;REGULAR Collier:&nbsp;Avec Nood Type de fermeture:&nbsp;Seins simples Style de Manches:&nbsp;REGULAR \u00c0 capuche:&nbsp;Oui Type de Motif:&nbsp;Solide Features1::&nbsp;Sun Protection Features2::&nbsp;Windproof Features3::&nbsp;Lightweight Features4::&nbsp;Perfect for [&hellip;]<\/p>\n","protected":false},"featured_media":17,"comment_status":"open","ping_status":"closed","template":"","meta":{"om_disable_all_campaigns":false,"_monsterinsights_skip_tracking":false,"_monsterinsights_sitenote_active":false,"_monsterinsights_sitenote_note":"","_monsterinsights_sitenote_category":0},"product_cat":[],"product_tag":[],"aioseo_notices":[],"_links":{"self":[{"href":"https:\/\/alidropship.unedemo.online\/index.php\/wp-json\/wp\/v2\/product\/16"}],"collection":[{"href":"https:\/\/alidropship.unedemo.online\/index.php\/wp-json\/wp\/v2\/product"}],"about":[{"href":"https:\/\/alidropship.unedemo.online\/index.php\/wp-json\/wp\/v2\/types\/product"}],"replies":[{"embeddable":true,"href":"https:\/\/alidropship.unedemo.online\/index.php\/wp-json\/wp\/v2\/comments?post=16"}],"wp:featuredmedia":[{"embeddable":true,"href":"https:\/\/alidropship.unedemo.online\/index.php\/wp-json\/wp\/v2\/media\/17"}],"wp:attachment":[{"href":"https:\/\/alidropship.unedemo.online\/index.php\/wp-json\/wp\/v2\/media?parent=16"}],"wp:term":[{"taxonomy":"product_cat","embeddable":true,"href":"https:\/\/alidropship.unedemo.online\/index.php\/wp-json\/wp\/v2\/product_cat?post=16"},{"taxonomy":"product_tag","embeddable":true,"href":"https:\/\/alidropship.unedemo.online\/index.php\/wp-json\/wp\/v2\/product_tag?post=16"}],"curies":[{"name":"wp","href":"https:\/\/api.w.org\/{rel}","templated":true}]}}