{"id":177,"date":"2022-10-10T15:42:40","date_gmt":"2022-10-10T15:42:40","guid":{"rendered":"https:\/\/alidropship.unedemo.online\/index.php\/product\/t-shirt-imprime-a-manches-courtes-pour-hommes-costume-de-cosplay-mode-sport-respirant\/"},"modified":"2022-10-10T15:42:46","modified_gmt":"2022-10-10T15:42:46","slug":"t-shirt-imprime-a-manches-courtes-pour-hommes-costume-de-cosplay-mode-sport-respirant","status":"publish","type":"product","link":"https:\/\/alidropship.unedemo.online\/index.php\/product\/t-shirt-imprime-a-manches-courtes-pour-hommes-costume-de-cosplay-mode-sport-respirant\/","title":{"rendered":"T-Shirt imprim\u00e9 \u00e0 manches courtes pour hommes, Costume de Cosplay, mode sport respirant"},"content":{"rendered":"\n<div class=\"product-specs-list-container\">\n<ul class=\"product-specs-list util-clearfix\">\n<li class=\"product-prop line-limit-length\"><span class=\"property-title\">Applicable Scene:&nbsp;<\/span><span class=\"property-desc line-limit-length\">CASUAL<\/span>\n                        <\/li>\n<li class=\"product-prop line-limit-length\"><span class=\"property-title\">Longueur de Manche (cm):&nbsp;<\/span><span class=\"property-desc line-limit-length\">SHORT<\/span>\n                        <\/li>\n<li class=\"product-prop line-limit-length\"><span class=\"property-title\">Origine:&nbsp;<\/span><span class=\"property-desc line-limit-length\">CN (Origine)<\/span>\n                        <\/li>\n<li class=\"product-prop line-limit-length\"><span class=\"property-title\">Mat\u00e9riau:&nbsp;<\/span><span class=\"property-desc line-limit-length\">POLYESTER<\/span>\n                        <\/li>\n<li class=\"product-prop line-limit-length\"><span class=\"property-title\">Saison Applicable:&nbsp;<\/span><span class=\"property-desc line-limit-length\">Printemps et \u00e9t\u00e9<\/span>\n                        <\/li>\n<li class=\"product-prop line-limit-length\"><span class=\"property-title\">Style:&nbsp;<\/span><span class=\"property-desc line-limit-length\">Sport<\/span>\n                        <\/li>\n<li class=\"product-prop line-limit-length\"><span class=\"property-title\">Collier:&nbsp;<\/span><span class=\"property-desc line-limit-length\">Col rond<\/span>\n                        <\/li>\n<li class=\"product-prop line-limit-length\"><span class=\"property-title\">Type D&#8217;article:&nbsp;<\/span><span class=\"property-desc line-limit-length\">tops<\/span>\n                        <\/li>\n<li class=\"product-prop line-limit-length\"><span class=\"property-title\">Type de Veste:&nbsp;<\/span><span class=\"property-desc line-limit-length\">TEE<\/span>\n                        <\/li>\n<li class=\"product-prop line-limit-length\"><span class=\"property-title\">Style de Manches:&nbsp;<\/span><span class=\"property-desc line-limit-length\">Brand Short sleeve T-shirts<\/span>\n                        <\/li>\n<li class=\"product-prop line-limit-length\"><span class=\"property-title\">\u00c0 capuche:&nbsp;<\/span><span class=\"property-desc line-limit-length\">Pas de<\/span>\n                        <\/li>\n<li class=\"product-prop line-limit-length\"><span class=\"property-title\">Type de tissu:&nbsp;<\/span><span class=\"property-desc line-limit-length\">Tricot\u00e9<\/span>\n                        <\/li>\n<li class=\"product-prop line-limit-length\"><span class=\"property-title\">Sexe:&nbsp;<\/span><span class=\"property-desc line-limit-length\">MEN<\/span>\n                        <\/li>\n<li class=\"product-prop line-limit-length\"><span class=\"property-title\">Type de Motif:&nbsp;<\/span><span class=\"property-desc line-limit-length\">Dessin anim\u00e9<\/span>\n                        <\/li>\n<\/ul><\/div>\n<div class=\"detailmodule_html\">\n<div class=\"detail-desc-decorate-richtext\">\n<p><img src=\"https:\/\/ae01.alicdn.com\/kf\/H26d61ec1d0e545aea5444ce5bbf5015dx.jpg\"><img src=\"https:\/\/ae01.alicdn.com\/kf\/Ha272298f2d1043bbbab110995b90c802b.jpg\"><img src=\"https:\/\/ae01.alicdn.com\/kf\/H8b49d88020c14a2492575c4d93a903dc1.jpg\"><img src=\"https:\/\/ae01.alicdn.com\/kf\/H11f7b6005c994129933360bf62277b5bc.jpg\"><img src=\"https:\/\/ae01.alicdn.com\/kf\/H64015924ba9e42a09cc66e183e17c653Z.jpg\"><img src=\"https:\/\/ae01.alicdn.com\/kf\/Hf1805d7bb2a7426f8c071d95351aeafaZ.jpg\"><img src=\"https:\/\/ae01.alicdn.com\/kf\/H179826bcb0e046b0bd5a0c5c3b143911T.jpg\"><img src=\"https:\/\/ae01.alicdn.com\/kf\/H52e2b4af3d2b404091cee3636c67f4fcY.jpg\"><img src=\"https:\/\/ae01.alicdn.com\/kf\/Hb919d1dbce8f4eabbd40220a2e5e99b0E.jpg\"><img src=\"https:\/\/ae01.alicdn.com\/kf\/H34716ba9b6a74573aef7a19687117324i.jpg\"><img src=\"https:\/\/ae01.alicdn.com\/kf\/H4bb97966ff344c94b965506aa2f92e9c7.jpg\"><img src=\"https:\/\/ae01.alicdn.com\/kf\/H79965d65b6f24ec2b305857f0bbfe628W.jpg\"><img src=\"https:\/\/ae01.alicdn.com\/kf\/H0acd9a72eb1f47688189e00cfb739bcaN.jpg\"><img style=\"font-family:arial;font-size:16px;font-weight:inherit;letter-spacing:normal;text-align:start;margin:0px;margin-bottom:0px;margin-top:0px;margin-left:0px;margin-right:0px;padding:0px;padding-bottom:0px;padding-top:0px;padding-left:0px;padding-right:0px;max-width:100%\" src=\"https:\/\/ae01.alicdn.com\/kf\/Hfa6664dcb43241a2a09b0421d5706ee4E.jpg\"><img style=\"font-family:arial;font-size:16px;font-weight:inherit;letter-spacing:normal;text-align:start;margin:0px;margin-bottom:0px;margin-top:0px;margin-left:0px;margin-right:0px;padding:0px;padding-bottom:0px;padding-top:0px;padding-left:0px;padding-right:0px;max-width:100%\" src=\"https:\/\/ae01.alicdn.com\/kf\/H805d479b659a4995a89a3e8e3956daa05.jpg\"><img style=\"font-family:arial;font-size:16px;font-weight:inherit;letter-spacing:normal;text-align:start;margin:0px;margin-bottom:0px;margin-top:0px;margin-left:0px;margin-right:0px;padding:0px;padding-bottom:0px;padding-top:0px;padding-left:0px;padding-right:0px;max-width:100%\" src=\"https:\/\/ae01.alicdn.com\/kf\/Hef0e54416b2c49fda092f25656f7efae0.jpg\"><img src=\"https:\/\/ae01.alicdn.com\/kf\/H4de73a547f9e46679218acd0a85cbaab6.jpg\"><\/p>\n<p><img src=\"https:\/\/ae01.alicdn.com\/kf\/H30b3b34509df40969c936a12f92d9595b.jpg\"><\/p>\n<p><\/p>\n<\/div>\n<\/div>\n","protected":false},"excerpt":{"rendered":"<p>Applicable Scene:&nbsp;CASUAL Longueur de Manche (cm):&nbsp;SHORT Origine:&nbsp;CN (Origine) Mat\u00e9riau:&nbsp;POLYESTER Saison Applicable:&nbsp;Printemps et \u00e9t\u00e9 Style:&nbsp;Sport Collier:&nbsp;Col rond Type D&#8217;article:&nbsp;tops Type de Veste:&nbsp;TEE Style de Manches:&nbsp;Brand Short sleeve T-shirts \u00c0 capuche:&nbsp;Pas de Type de tissu:&nbsp;Tricot\u00e9 Sexe:&nbsp;MEN Type de Motif:&nbsp;Dessin anim\u00e9<\/p>\n","protected":false},"featured_media":178,"comment_status":"open","ping_status":"closed","template":"","meta":{"om_disable_all_campaigns":false,"_monsterinsights_skip_tracking":false,"_monsterinsights_sitenote_active":false,"_monsterinsights_sitenote_note":"","_monsterinsights_sitenote_category":0},"product_cat":[],"product_tag":[],"aioseo_notices":[],"_links":{"self":[{"href":"https:\/\/alidropship.unedemo.online\/index.php\/wp-json\/wp\/v2\/product\/177"}],"collection":[{"href":"https:\/\/alidropship.unedemo.online\/index.php\/wp-json\/wp\/v2\/product"}],"about":[{"href":"https:\/\/alidropship.unedemo.online\/index.php\/wp-json\/wp\/v2\/types\/product"}],"replies":[{"embeddable":true,"href":"https:\/\/alidropship.unedemo.online\/index.php\/wp-json\/wp\/v2\/comments?post=177"}],"wp:featuredmedia":[{"embeddable":true,"href":"https:\/\/alidropship.unedemo.online\/index.php\/wp-json\/wp\/v2\/media\/178"}],"wp:attachment":[{"href":"https:\/\/alidropship.unedemo.online\/index.php\/wp-json\/wp\/v2\/media?parent=177"}],"wp:term":[{"taxonomy":"product_cat","embeddable":true,"href":"https:\/\/alidropship.unedemo.online\/index.php\/wp-json\/wp\/v2\/product_cat?post=177"},{"taxonomy":"product_tag","embeddable":true,"href":"https:\/\/alidropship.unedemo.online\/index.php\/wp-json\/wp\/v2\/product_tag?post=177"}],"curies":[{"name":"wp","href":"https:\/\/api.w.org\/{rel}","templated":true}]}}