{"id":2806,"date":"2022-10-17T12:38:42","date_gmt":"2022-10-17T12:38:42","guid":{"rendered":"https:\/\/alidropship.unedemo.online\/index.php\/product\/makita-cle-a-chocs-electrique-sans-fil-2-en-1-tournevis-a-douille-de-1-2-pouces-outils-electriques-compatibles-avec-batterie-18v\/"},"modified":"2022-10-17T12:38:45","modified_gmt":"2022-10-17T12:38:45","slug":"makita-cle-a-chocs-electrique-sans-fil-2-en-1-tournevis-a-douille-de-1-2-pouces-outils-electriques-compatibles-avec-batterie-18v","status":"publish","type":"product","link":"https:\/\/alidropship.unedemo.online\/index.php\/product\/makita-cle-a-chocs-electrique-sans-fil-2-en-1-tournevis-a-douille-de-1-2-pouces-outils-electriques-compatibles-avec-batterie-18v\/","title":{"rendered":"Makita \u2013 cl\u00e9 \u00e0 chocs \u00e9lectrique sans fil 2 en 1, tournevis \u00e0 douille de 1\/2 pouces, outils \u00e9lectriques compatibles avec batterie 18V"},"content":{"rendered":"\n<div class=\"product-specs-list-container\">\n<ul class=\"product-specs-list util-clearfix\">\n<li class=\"product-prop line-limit-length\"><span class=\"property-title\">Nom de marque:&nbsp;<\/span><span class=\"property-desc line-limit-length\">NoEnName_Null<\/span>\n                        <\/li>\n<li class=\"product-prop line-limit-length\"><span class=\"property-title\">Origine:&nbsp;<\/span><span class=\"property-desc line-limit-length\">CN (Origine)<\/span>\n                        <\/li>\n<li class=\"product-prop line-limit-length\"><span class=\"property-title\">Type:&nbsp;<\/span><span class=\"property-desc line-limit-length\">Cl\u00e9 \u00e0 chocs<\/span>\n                        <\/li>\n<li class=\"product-prop line-limit-length\"><span class=\"property-title\">Source D&#8217;alimentation:&nbsp;<\/span><span class=\"property-desc line-limit-length\">\u00c9LECTRICIT\u00c9<\/span>\n                        <\/li>\n<li class=\"product-prop line-limit-length\"><span class=\"property-title\">Certification:&nbsp;<\/span><span class=\"property-desc line-limit-length\">NONE<\/span>\n                        <\/li>\n<li class=\"product-prop line-limit-length\"><span class=\"property-title\">Vitesse Sans Charge:&nbsp;<\/span><span class=\"property-desc line-limit-length\">4000 rpm<\/span>\n                        <\/li>\n<li class=\"product-prop line-limit-length\"><span class=\"property-title\">Fr\u00e9quence:&nbsp;<\/span><span class=\"property-desc line-limit-length\">0 &#8211; 4000 ipm<\/span>\n                        <\/li>\n<li class=\"product-prop line-limit-length\"><span class=\"property-title\">Num\u00e9ro de Mod\u00e8le:&nbsp;<\/span><span class=\"property-desc line-limit-length\">D39422<\/span>\n                        <\/li>\n<li class=\"product-prop line-limit-length\"><span class=\"property-title\">Utilisation:&nbsp;<\/span><span class=\"property-desc line-limit-length\">maison DIY<\/span>\n                        <\/li>\n<li class=\"product-prop line-limit-length\"><span class=\"property-title\">Source d&#8217;\u00e9nergie:&nbsp;<\/span><span class=\"property-desc line-limit-length\">Batterie<\/span>\n                        <\/li>\n<li class=\"product-prop line-limit-length\"><span class=\"property-title\">Poids:&nbsp;<\/span><span class=\"property-desc line-limit-length\">1.32KG<\/span>\n                        <\/li>\n<li class=\"product-prop line-limit-length\"><span class=\"property-title\">Tension Nominale:&nbsp;<\/span><span class=\"property-desc line-limit-length\">18V<\/span>\n                        <\/li>\n<li class=\"product-prop line-limit-length\"><span class=\"property-title\">Personnalis\u00e9:&nbsp;<\/span><span class=\"property-desc line-limit-length\">Oui<\/span>\n                        <\/li>\n<li class=\"product-prop line-limit-length\"><span class=\"property-title\">Dimensions:&nbsp;<\/span><span class=\"property-desc line-limit-length\">200mm*150mm*10mm<\/span>\n                        <\/li>\n<li class=\"product-prop line-limit-length\"><span class=\"property-title\">Maximum Torque:&nbsp;<\/span><span class=\"property-desc line-limit-length\">520N.M<\/span>\n                        <\/li>\n<li class=\"product-prop line-limit-length\"><span class=\"property-title\">Color:&nbsp;<\/span><span class=\"property-desc line-limit-length\">Black Blue<\/span>\n                        <\/li>\n<\/ul><\/div>\n<div class=\"detailmodule_html\">\n<div class=\"detail-desc-decorate-richtext\">\n<div class=\"detailmodule_html\">\n<div class=\"detail-desc-decorate-richtext\">\n<div>\n<div>\n<div>\n<p style=\"text-align:start\" align=\"start\"><a href=\"https:\/\/campaign.aliexpress.com\/wow\/gcp\/ae\/channel\/ae\/accelerate\/tupr?spm=a2g0o.tm800010611.8250511860.12.498d55b7k3IOpI&amp;wh_weex=true&amp;_immersiveMode=true&amp;wx_navbar_hidden=true&amp;wx_navbar_transparent=true&amp;ignoreNavigationBar=true&amp;wx_statusbar_hidden=true&amp;wh_pid=ae\/channel\/ae\/kr_plaza\/KRfastshipping\" target=\"_self\" class=\"\" rel=\"noopener\"><img loading=\"lazy\" width=\"800\" height=\"582\" src=\"https:\/\/ae01.alicdn.com\/kf\/S23f1b22ffbbc4804a8f445fec6c59433F.png\" \/><\/a><\/p>\n<p style=\"text-align:start\" align=\"start\"><span><span style=\"font-size:16px\"><strong>Nom: cl\u00e9 \u00e0 chocs sans brosse sans fil (outil seulement)<\/strong><\/span><\/span><\/p>\n<p><span style=\"font-size:16px\"><span><strong>Adapt\u00e9 \u00e0 la batterie Makita 18V<\/strong><\/span><\/span><\/p>\n<p style=\"text-align:start\" align=\"start\"><span style=\"font-size:16px\">\u221a Compatible pour les batteries au lithium de la s\u00e9rie 18V B, telles que BL1850B(197285-8),BL1840B(197270-1),BL1830B(197602-2),BL1430B(197618-7),BL1820B(197487-6);<\/span><\/p>\n<p style=\"text-align:start\" align=\"start\"><span style=\"font-size:16px\">\u221a Compatible pour BL1850,BL1840,BL1440(196391-6),BL1415(194560-3),BL1815N(196781-3);<\/span><\/p>\n<p style=\"text-align:start\" align=\"start\"><span style=\"font-size:16px\">\u00d7 Non compatible pour les batteries de la s\u00e9rie G telles que BL1813G(196663-9) BL1413G(196882-7) BL1415G BL1430G BL1815G et ainsi de suite<\/span><\/p>\n<p style=\"text-align:start\" align=\"start\"><span style=\"font-size:16px\">\u00d7 Non compatible pour batterie ni-cd 18v telle que 1822(194465-7)<\/span><\/p>\n<p style=\"text-align:start\" align=\"start\"><span style=\"font-size:16px\"><span><strong>Sp\u00e9cifications<\/strong><\/span><\/span><span style=\"font-size:16px\"><br \/>Couleur: noir + bleu<br \/>Vitesse \u00e0 vide: 0 &#8211; 4000 tr\/min<br \/>Fr\u00e9quence d&#8217;impact: 0 &#8211; 4000 ipm<br \/>Couple Maximum: 520N.M<br \/>Entra\u00eenement carr\u00e9: 1\/2&#8243;<\/span><\/p>\n<p style=\"text-align:start\" align=\"start\"><span style=\"font-size:16px\"><span><strong>Caract\u00e9ristiques<\/strong><\/span><\/span><span style=\"font-size:16px\"><br \/>-520N.M couple \u00e9lev\u00e9, commutateur de changement de vitesse continu.<br \/>-Cl\u00e9 \u00e9lectrique puissante, multi-usages<br \/>-Arbre en acier tungst\u00e8ne, haute duret\u00e9 et r\u00e9sistance \u00e0 l&#8217;usure.<br \/>-Convient pour les \u00e9tag\u00e8res de chantier, l&#8217;entretien, le travail du bois, etc.<br \/>-Le moteur brushless ne g\u00e9n\u00e8re pas d&#8217;\u00e9tincelles quand il fonctionne, et le moteur ne s&#8217;use pas.<\/span><\/p>\n<p><span style=\"font-size:16px\"><span><strong>Forfait inclus<\/strong><\/span><\/span><span style=\"font-size:16px\"><br \/>1 x cl\u00e9 \u00e9lectrique<\/span><span style=\"font-size:16px\"><strong>(Sans batterie et chargeur)<\/strong><\/span><\/p>\n<div><img src=\"https:\/\/ae01.alicdn.com\/kf\/Hc8ca4b349904406fa57e61282dede3139.png\" \/><img src=\"https:\/\/ae01.alicdn.com\/kf\/H105500891d114edd932ee525a7e3825cK.jpg\" \/><img src=\"https:\/\/ae01.alicdn.com\/kf\/H0ca5b61da7094fabbee690686e9c9f19O.jpg\" \/><img src=\"https:\/\/ae01.alicdn.com\/kf\/H720710721c8c4e12b5a9609d37dc612ft.jpg\" \/><\/div>\n<\/div>\n<div>\u00a0<\/div>\n<\/div>\n<\/div>\n<p><\/p>\n<\/div>\n<\/div>\n<p><\/p>\n<\/div>\n<\/div>\n","protected":false},"excerpt":{"rendered":"<p>Nom de marque:&nbsp;NoEnName_Null Origine:&nbsp;CN (Origine) Type:&nbsp;Cl\u00e9 \u00e0 chocs Source D&#8217;alimentation:&nbsp;\u00c9LECTRICIT\u00c9 Certification:&nbsp;NONE Vitesse Sans Charge:&nbsp;4000 rpm Fr\u00e9quence:&nbsp;0 &#8211; 4000 ipm Num\u00e9ro de Mod\u00e8le:&nbsp;D39422 Utilisation:&nbsp;maison DIY Source d&#8217;\u00e9nergie:&nbsp;Batterie Poids:&nbsp;1.32KG Tension Nominale:&nbsp;18V Personnalis\u00e9:&nbsp;Oui Dimensions:&nbsp;200mm*150mm*10mm Maximum Torque:&nbsp;520N.M Color:&nbsp;Black Blue Nom: cl\u00e9 \u00e0 chocs sans brosse sans fil (outil seulement) Adapt\u00e9 \u00e0 la batterie Makita 18V \u221a Compatible pour les [&hellip;]<\/p>\n","protected":false},"featured_media":2809,"comment_status":"open","ping_status":"closed","template":"","meta":{"om_disable_all_campaigns":false,"_monsterinsights_skip_tracking":false,"_monsterinsights_sitenote_active":false,"_monsterinsights_sitenote_note":"","_monsterinsights_sitenote_category":0},"product_cat":[],"product_tag":[],"aioseo_notices":[],"_links":{"self":[{"href":"https:\/\/alidropship.unedemo.online\/index.php\/wp-json\/wp\/v2\/product\/2806"}],"collection":[{"href":"https:\/\/alidropship.unedemo.online\/index.php\/wp-json\/wp\/v2\/product"}],"about":[{"href":"https:\/\/alidropship.unedemo.online\/index.php\/wp-json\/wp\/v2\/types\/product"}],"replies":[{"embeddable":true,"href":"https:\/\/alidropship.unedemo.online\/index.php\/wp-json\/wp\/v2\/comments?post=2806"}],"wp:featuredmedia":[{"embeddable":true,"href":"https:\/\/alidropship.unedemo.online\/index.php\/wp-json\/wp\/v2\/media\/2809"}],"wp:attachment":[{"href":"https:\/\/alidropship.unedemo.online\/index.php\/wp-json\/wp\/v2\/media?parent=2806"}],"wp:term":[{"taxonomy":"product_cat","embeddable":true,"href":"https:\/\/alidropship.unedemo.online\/index.php\/wp-json\/wp\/v2\/product_cat?post=2806"},{"taxonomy":"product_tag","embeddable":true,"href":"https:\/\/alidropship.unedemo.online\/index.php\/wp-json\/wp\/v2\/product_tag?post=2806"}],"curies":[{"name":"wp","href":"https:\/\/api.w.org\/{rel}","templated":true}]}}