{"id":2847,"date":"2022-10-17T12:38:51","date_gmt":"2022-10-17T12:38:51","guid":{"rendered":"https:\/\/alidropship.unedemo.online\/index.php\/product\/t-shirt-de-sport-a-manches-courtes-pour-hommes-en-coton-decontracte-a-sechage-rapide-taille-asiatique-plus-6xl-7xl-ete-2022-m-5xl-2\/"},"modified":"2022-10-17T12:38:55","modified_gmt":"2022-10-17T12:38:55","slug":"t-shirt-de-sport-a-manches-courtes-pour-hommes-en-coton-decontracte-a-sechage-rapide-taille-asiatique-plus-6xl-7xl-ete-2022-m-5xl-2","status":"publish","type":"product","link":"https:\/\/alidropship.unedemo.online\/index.php\/product\/t-shirt-de-sport-a-manches-courtes-pour-hommes-en-coton-decontracte-a-sechage-rapide-taille-asiatique-plus-6xl-7xl-ete-2022-m-5xl-2\/","title":{"rendered":"T-shirt de Sport \u00e0 manches courtes pour hommes, en coton, d\u00e9contract\u00e9, \u00e0 s\u00e9chage rapide, taille asiatique Plus 6XL 7XL, \u00e9t\u00e9, 2022, M-5XL"},"content":{"rendered":"\n<div class=\"product-specs-list-container\">\n<ul class=\"product-specs-list util-clearfix\">\n<li class=\"product-prop line-limit-length\"><span class=\"property-title\">Nom de marque:&nbsp;<\/span><span class=\"property-desc line-limit-length\">Lance Donovan<\/span>\n                        <\/li>\n<li class=\"product-prop line-limit-length\"><span class=\"property-title\">Applicable Scene:&nbsp;<\/span><span class=\"property-desc line-limit-length\">Daily<\/span>\n                        <\/li>\n<li class=\"product-prop line-limit-length\"><span class=\"property-title\">Longueur de Manche (cm):&nbsp;<\/span><span class=\"property-desc line-limit-length\">SHORT<\/span>\n                        <\/li>\n<li class=\"product-prop line-limit-length\"><span class=\"property-title\">Saison Applicable:&nbsp;<\/span><span class=\"property-desc line-limit-length\">Printemps et \u00e9t\u00e9<\/span>\n                        <\/li>\n<li class=\"product-prop line-limit-length\"><span class=\"property-title\">Style:&nbsp;<\/span><span class=\"property-desc line-limit-length\">STYLE ANGLETERRE<\/span>\n                        <\/li>\n<li class=\"product-prop line-limit-length\"><span class=\"property-title\">Origine:&nbsp;<\/span><span class=\"property-desc line-limit-length\">CN (Origine)<\/span>\n                        <\/li>\n<li class=\"product-prop line-limit-length\"><span class=\"property-title\">CN:&nbsp;<\/span><span class=\"property-desc line-limit-length\">Guangdong<\/span>\n                        <\/li>\n<li class=\"product-prop line-limit-length\"><span class=\"property-title\">Mat\u00e9riau:&nbsp;<\/span><span class=\"property-desc line-limit-length\">POLYESTER,spandex<\/span>\n                        <\/li>\n<li class=\"product-prop line-limit-length\"><span class=\"property-title\">Collier:&nbsp;<\/span><span class=\"property-desc line-limit-length\">Col rond<\/span>\n                        <\/li>\n<li class=\"product-prop line-limit-length\"><span class=\"property-title\">Style de Manches:&nbsp;<\/span><span class=\"property-desc line-limit-length\">NONE<\/span>\n                        <\/li>\n<li class=\"product-prop line-limit-length\"><span class=\"property-title\">\u00c0 capuche:&nbsp;<\/span><span class=\"property-desc line-limit-length\">Pas de<\/span>\n                        <\/li>\n<li class=\"product-prop line-limit-length\"><span class=\"property-title\">Type de tissu:&nbsp;<\/span><span class=\"property-desc line-limit-length\">Drap fin<\/span>\n                        <\/li>\n<li class=\"product-prop line-limit-length\"><span class=\"property-title\">Sexe:&nbsp;<\/span><span class=\"property-desc line-limit-length\">MEN<\/span>\n                        <\/li>\n<li class=\"product-prop line-limit-length\"><span class=\"property-title\">Type de Motif:&nbsp;<\/span><span class=\"property-desc line-limit-length\">Patchwork<\/span>\n                        <\/li>\n<li class=\"product-prop line-limit-length\"><span class=\"property-title\">Type de Veste:&nbsp;<\/span><span class=\"property-desc line-limit-length\">TEE<\/span>\n                        <\/li>\n<li class=\"product-prop line-limit-length\"><span class=\"property-title\">Type D&#8217;article:&nbsp;<\/span><span class=\"property-desc line-limit-length\">tops<\/span>\n                        <\/li>\n<\/ul><\/div>\n<div class=\"detailmodule_html\">\n<div class=\"detail-desc-decorate-richtext\">\n<div class=\"detailmodule_html\">\n<div class=\"detail-desc-decorate-richtext\">\n<table style=\"border-collapse:collapse;width:100%\" border=\"0\" cellPadding=\"0\" cellSpacing=\"0\">\n<tbody>\n<tr>\n<td style=\"border:medium none;padding:0px\">\n<p><a href=\"http:\/\/www.aliexpress.com\/item\/Casual-Short-Sleeve-T-Shirt-MenS-2021-Summer-Tshirt-Top-Tees-Classic-Brand-Fashion-HIP-HOP-Clothes-Plus-OverSize-M-5XL-O-NECK\/4001290671983.html\" target=\"_blank\" class=\"\" rel=\"noopener\"><img src=\"https:\/\/ae01.alicdn.com\/kf\/H7d1533251b134180b85faa8d030c79af9.jpg\" \/><\/a><\/p>\n<\/td>\n<td style=\"border:medium none;padding:0px\">\n<p><a href=\"http:\/\/www.aliexpress.com\/item\/Short-Sleeve-T-Shirt-MenS-2021-Summer-High-Quality-Tshirt-Top-Tees-Classic-Brand-Fashion-Clothes-Plus-Size-M-5XL-O-NECK\/1005001813008766.html\" target=\"_blank\" class=\"\" rel=\"noopener\"><img src=\"https:\/\/ae01.alicdn.com\/kf\/H0dc8948b636d47959bc23dc01accc437k.jpg\" \/><\/a><\/p>\n<\/td>\n<td style=\"border:medium none;padding:0px\">\n<p><a href=\"http:\/\/www.aliexpress.com\/item\/Short-Sleeve-T-Shirt-Men-2021-Summer-Black-White-Print-Tshirt-Top-Tees-Classic-Brand-Fashion-Clothes-Plus-Size-M-5XL-O-NECK\/1005002342719371.html\" target=\"_blank\" class=\"\" rel=\"noopener\"><img src=\"https:\/\/ae01.alicdn.com\/kf\/H8258f4261a404279ac80731487a8b33e8.jpg\" \/><\/a><\/p>\n<\/td>\n<\/tr>\n<tr>\n<td style=\"border:medium none;padding:0px\">\n<p><a href=\"http:\/\/www.aliexpress.com\/item\/Short-Sleeve-T-Shirt-Men-2019-Summer-High-Quality-Tshirt-Top-Tees-3D-Print-Brand-Fashion-Clothes-Plus-Size-M-5XL-6XL-7XL-O-NECK\/33057826444.html\" target=\"_blank\" class=\"\" rel=\"noopener\"><img src=\"https:\/\/ae01.alicdn.com\/kf\/H060d8b17322740859e522c6d07ff6844u.jpg\" \/><\/a><\/p>\n<\/td>\n<td style=\"border:medium none;padding:0px\">\n<p><a href=\"http:\/\/www.aliexpress.com\/item\/Fashion-Half-Short-Sleeves-Fashion-O-NECK-Print-T-shirt-Mens-Cotton-2019-Summer-Clothes-TOP-TEES-Tshirt-Plus-Asian-Size-M-5X.\/33050103394.html\" target=\"_blank\" class=\"\" rel=\"noopener\"><img src=\"https:\/\/ae01.alicdn.com\/kf\/H60c7e6487ced4f4abdf94b92ff8a1505Q.jpg\" \/><\/a><\/p>\n<\/td>\n<td style=\"border:medium none;padding:0px\">\n<p><a href=\"http:\/\/www.aliexpress.com\/item\/Quick-Dry-Sport-T-Shirt-Men-2019-Short-Sleeves-Summer-Casual-Cotton-Plus-Asian-Size-M-5XL-6XL-7XL-Top-Tees-GYM-Tshirt-Clothes\/33043874110.html\" target=\"_blank\" class=\"\" rel=\"noopener\"><img src=\"https:\/\/ae01.alicdn.com\/kf\/Hca683390ad85409fb12c89d1f0e04dbd1.jpg\" \/><\/a><\/p>\n<\/td>\n<\/tr>\n<\/tbody>\n<\/table>\n<\/div>\n<\/div>\n<div class=\"detailmodule_html\">\n<div class=\"detail-desc-decorate-richtext\">\n<div class=\"detailmodule_html\">\n<div class=\"detail-desc-decorate-richtext\"><\/div>\n<\/div>\n<div class=\"detailmodule_html\">\n<div class=\"detail-desc-decorate-richtext\">\n<div><\/div>\n<p><img src=\"https:\/\/ae01.alicdn.com\/kf\/Hd2e49152e29d472fbc1012d676005c73t.jpg\" \/><br \/><img src=\"https:\/\/ae01.alicdn.com\/kf\/H7997d51ad0ae4f0b856cdc74e792db16e.jpg\" \/><img src=\"https:\/\/ae01.alicdn.com\/kf\/Ha2d8dc286cd04827a2f07bd564222f6cE.jpg\" \/><img src=\"https:\/\/ae01.alicdn.com\/kf\/H16a07322173f4a9b994dd2788a4742b2G.jpg\" \/><img src=\"https:\/\/ae01.alicdn.com\/kf\/H43b3d5819565414fbc6bb1b61cc879d1u.jpg\" \/><img src=\"https:\/\/ae01.alicdn.com\/kf\/Hb540a12b71a04b799d60afeede950b43K.jpg\" \/><img src=\"https:\/\/ae01.alicdn.com\/kf\/H33fd339076a34a9f92d4a8569f171bcbm.jpg\" \/><\/p>\n<\/div>\n<\/div>\n<div><\/div>\n<\/div>\n<\/div>\n<p><\/p>\n<\/div>\n<\/div>\n","protected":false},"excerpt":{"rendered":"<p>Nom de marque:&nbsp;Lance Donovan Applicable Scene:&nbsp;Daily Longueur de Manche (cm):&nbsp;SHORT Saison Applicable:&nbsp;Printemps et \u00e9t\u00e9 Style:&nbsp;STYLE ANGLETERRE Origine:&nbsp;CN (Origine) CN:&nbsp;Guangdong Mat\u00e9riau:&nbsp;POLYESTER,spandex Collier:&nbsp;Col rond Style de Manches:&nbsp;NONE \u00c0 capuche:&nbsp;Pas de Type de tissu:&nbsp;Drap fin Sexe:&nbsp;MEN Type de Motif:&nbsp;Patchwork Type de Veste:&nbsp;TEE Type D&#8217;article:&nbsp;tops<\/p>\n","protected":false},"featured_media":302,"comment_status":"open","ping_status":"closed","template":"","meta":{"om_disable_all_campaigns":false,"_monsterinsights_skip_tracking":false,"_monsterinsights_sitenote_active":false,"_monsterinsights_sitenote_note":"","_monsterinsights_sitenote_category":0},"product_cat":[],"product_tag":[],"aioseo_notices":[],"_links":{"self":[{"href":"https:\/\/alidropship.unedemo.online\/index.php\/wp-json\/wp\/v2\/product\/2847"}],"collection":[{"href":"https:\/\/alidropship.unedemo.online\/index.php\/wp-json\/wp\/v2\/product"}],"about":[{"href":"https:\/\/alidropship.unedemo.online\/index.php\/wp-json\/wp\/v2\/types\/product"}],"replies":[{"embeddable":true,"href":"https:\/\/alidropship.unedemo.online\/index.php\/wp-json\/wp\/v2\/comments?post=2847"}],"wp:featuredmedia":[{"embeddable":true,"href":"https:\/\/alidropship.unedemo.online\/index.php\/wp-json\/wp\/v2\/media\/302"}],"wp:attachment":[{"href":"https:\/\/alidropship.unedemo.online\/index.php\/wp-json\/wp\/v2\/media?parent=2847"}],"wp:term":[{"taxonomy":"product_cat","embeddable":true,"href":"https:\/\/alidropship.unedemo.online\/index.php\/wp-json\/wp\/v2\/product_cat?post=2847"},{"taxonomy":"product_tag","embeddable":true,"href":"https:\/\/alidropship.unedemo.online\/index.php\/wp-json\/wp\/v2\/product_tag?post=2847"}],"curies":[{"name":"wp","href":"https:\/\/api.w.org\/{rel}","templated":true}]}}