{"id":3243,"date":"2022-10-27T23:26:24","date_gmt":"2022-10-27T23:26:24","guid":{"rendered":"https:\/\/alidropship.unedemo.online\/index.php\/product\/petit-tracteur-agricole-hydraulique-4x4-50-hp-4x4-pour-jardin-et-vergers\/"},"modified":"2022-10-27T23:26:26","modified_gmt":"2022-10-27T23:26:26","slug":"petit-tracteur-agricole-hydraulique-4x4-50-hp-4x4-pour-jardin-et-vergers","status":"publish","type":"product","link":"https:\/\/alidropship.unedemo.online\/index.php\/product\/petit-tracteur-agricole-hydraulique-4x4-50-hp-4x4-pour-jardin-et-vergers\/","title":{"rendered":"Petit tracteur agricole hydraulique 4&#215;4, 50 HP, 4&#215;4, pour jardin et vergers"},"content":{"rendered":"<p>\u00a0<\/p>\n<div class=\"product-specs-list-container\">\n<ul class=\"product-specs-list util-clearfix\">\n<li class=\"product-prop line-limit-length\"><span class=\"property-title\">Nom de marque:\u00a0<\/span><span class=\"property-desc line-limit-length\">SYNBON<\/span><\/li>\n<li class=\"product-prop line-limit-length\"><span class=\"property-title\">Certification:\u00a0<\/span><span class=\"property-desc line-limit-length\">CE<\/span><\/li>\n<li class=\"product-prop line-limit-length\"><span class=\"property-title\">Origine:\u00a0<\/span><span class=\"property-desc line-limit-length\">CN (Origine)<\/span><\/li>\n<li class=\"product-prop line-limit-length\"><span class=\"property-title\">Poids Maximum De Levage (T):\u00a0<\/span><span class=\"property-desc line-limit-length\">1<\/span><\/li>\n<li class=\"product-prop line-limit-length\"><span class=\"property-title\">Brand:\u00a0<\/span><span class=\"property-desc line-limit-length\">SYNBON<\/span><\/li>\n<li class=\"product-prop line-limit-length\"><span class=\"property-title\">Model:\u00a0<\/span><span class=\"property-desc line-limit-length\">SY504<\/span><\/li>\n<li class=\"product-prop line-limit-length\"><span class=\"property-title\">Power:\u00a0<\/span><span class=\"property-desc line-limit-length\">50hp \/ 36.8 kw<\/span><\/li>\n<li class=\"product-prop line-limit-length\"><span class=\"property-title\">Type:\u00a0<\/span><span class=\"property-desc line-limit-length\">4*4 Wheeled Type<\/span><\/li>\n<li class=\"product-prop line-limit-length\"><span class=\"property-title\">Size:\u00a0<\/span><span class=\"property-desc line-limit-length\">2400 *1200* 1100 mm<\/span><\/li>\n<li class=\"product-prop line-limit-length\"><span class=\"property-title\">Weight:\u00a0<\/span><span class=\"property-desc line-limit-length\">1590kg<\/span><\/li>\n<li class=\"product-prop line-limit-length\"><span class=\"property-title\">Engine:\u00a0<\/span><span class=\"property-desc line-limit-length\">quanchai<\/span><\/li>\n<\/ul>\n<\/div>\n<div class=\"detailmodule_html\">\n<div class=\"detail-desc-decorate-richtext\">\n<div class=\"detailmodule_text-image\"><img class=\"detail-desc-decorate-image\" style=\"margin-bottom: 10px;\" src=\"https:\/\/ae01.alicdn.com\/kf\/Hc9c47434291f42a7a591aa3eb546c2a6c.png\" \/><\/div>\n<div class=\"detailmodule_text-image\">\n<p class=\"detail-desc-decorate-title\" style=\"font-family: OpenSans; font-size: 20px; font-weight: 900; line-height: 28px; margin-bottom: 12px;\">SYNOBN \u2013 tracteur de maison chaude de 50 cv<\/p>\n<div><img class=\"detail-desc-decorate-image\" style=\"margin-bottom: 10px;\" src=\"https:\/\/ae01.alicdn.com\/kf\/He2650cca2e134d76b848339abf7b0355d.jpg\" \/><img class=\"detail-desc-decorate-image\" style=\"margin-bottom: 10px;\" src=\"https:\/\/ae01.alicdn.com\/kf\/H00ae2c0472fa4dc696488a65c10dc6bcL.jpg\" \/><img class=\"detail-desc-decorate-image\" style=\"margin-bottom: 10px;\" src=\"https:\/\/ae01.alicdn.com\/kf\/H0f18dbdfa7ce44fa95652aa08030d7f4r.jpg\" \/><img class=\"detail-desc-decorate-image\" style=\"margin-bottom: 10px;\" src=\"https:\/\/ae01.alicdn.com\/kf\/H12c3410baad64d36b1a68bb5c2b9d04eI.jpg\" \/><img class=\"detail-desc-decorate-image\" style=\"margin-bottom: 10px;\" src=\"https:\/\/ae01.alicdn.com\/kf\/Ha11943f09365443688b3404b5f6b2a20f.jpg\" \/><\/div>\n<\/div>\n<div class=\"detailmodule_text-image\">\n<p class=\"detail-desc-decorate-title\" style=\"font-family: OpenSans; font-size: 20px; font-weight: 900; line-height: 28px; margin-bottom: 12px;\">Tracteur d\u00e9tails<\/p>\n<div><img class=\"detail-desc-decorate-image\" style=\"margin-bottom: 10px;\" src=\"https:\/\/ae01.alicdn.com\/kf\/H921699f9feb74e5794fd30f5a5313511g.jpg\" \/><img class=\"detail-desc-decorate-image\" style=\"margin-bottom: 10px;\" src=\"https:\/\/ae01.alicdn.com\/kf\/H36642c1572f14aedb7f0d065841fb5fcF.jpg\" \/><\/div>\n<\/div>\n<div class=\"detailmodule_text-image\">\n<p class=\"detail-desc-decorate-title\" style=\"font-family: OpenSans; font-size: 20px; font-weight: 900; line-height: 28px; margin-bottom: 12px;\">Fixation<\/p>\n<p class=\"detail-desc-decorate-content\" style=\"font-family: OpenSans; font-size: 14px; font-weight: 300; line-height: 20px; margin-bottom: 12px;\">Machines et outils assortis: machines et outils de culture de terres agricoles l\u00e9g\u00e8res comme la chargeuse frontale, la pelle arri\u00e8re, la remorque, la tondeuse \u00e0 gazon, le r\u00e2teau, la presse \u00e0 balles, la lame de bo\u00eete et le cultivateur rotatif<\/p>\n<div><img class=\"detail-desc-decorate-image\" src=\"https:\/\/ae01.alicdn.com\/kf\/H26174ac0820646b5ae7e67e26cda03f98.jpg\" \/><img class=\"detail-desc-decorate-image\" src=\"https:\/\/ae01.alicdn.com\/kf\/Hdfdc5963d57f4e2eb3ce82f86e5f10bax.jpg\" \/><img class=\"detail-desc-decorate-image\" src=\"https:\/\/ae01.alicdn.com\/kf\/H073317dd1489434d943dc263c1476d61l.jpg\" \/><\/div>\n<\/div>\n<div class=\"detailmodule_text-image\">\n<p class=\"detail-desc-decorate-title\" style=\"font-family: OpenSans; font-size: 20px; font-weight: 900; line-height: 28px; margin-bottom: 12px;\">Usine et emballage<\/p>\n<div><img class=\"detail-desc-decorate-image\" style=\"margin-bottom: 10px;\" src=\"https:\/\/ae01.alicdn.com\/kf\/Hcefdc0cfdcae4aa294df2c3ab757db92k.jpg\" \/><img class=\"detail-desc-decorate-image\" style=\"margin-bottom: 10px;\" src=\"https:\/\/ae01.alicdn.com\/kf\/Hb961b79f74ab4075aa9b2859df2b71a0j.jpg\" \/><img class=\"detail-desc-decorate-image\" style=\"margin-bottom: 10px;\" src=\"https:\/\/ae01.alicdn.com\/kf\/Ha2272643e99043e997a03e314cbfd87f6.jpg\" \/><\/div>\n<\/div>\n<div class=\"detailmodule_text-image\">\n<p class=\"detail-desc-decorate-title\" style=\"font-family: OpenSans; font-size: 20px; font-weight: 900; line-height: 28px; margin-bottom: 12px;\">Machine connexe<\/p>\n<div><img class=\"detail-desc-decorate-image\" style=\"margin-bottom: 10px;\" src=\"https:\/\/ae01.alicdn.com\/kf\/H2d8b8451b96d4153ac5e0b2639ecbac0M.jpg\" \/><\/div>\n<\/div>\n<div class=\"detailmodule_text-image\">\n<p class=\"detail-desc-decorate-title\" style=\"font-family: OpenSans; font-size: 20px; font-weight: 900; line-height: 28px; margin-bottom: 12px;\">Autre machine<\/p>\n<div><img class=\"detail-desc-decorate-image\" src=\"https:\/\/ae01.alicdn.com\/kf\/H38b3cd4e369740bda3fd34ce75870bd1R.jpg\" \/><img class=\"detail-desc-decorate-image\" src=\"https:\/\/ae01.alicdn.com\/kf\/H2fe8022a1f7f4e9aa45c4cedea37c904w.jpg\" \/><img class=\"detail-desc-decorate-image\" src=\"https:\/\/ae01.alicdn.com\/kf\/Hab972c28e3744aa49f71ce5340d0630ec.jpg\" \/><img class=\"detail-desc-decorate-image\" src=\"https:\/\/ae01.alicdn.com\/kf\/Ha1644684a5b44631a48ab1041d43c77bo.jpg\" \/><\/div>\n<\/div>\n<div class=\"detailmodule_text\">\n<p class=\"detail-desc-decorate-title\" style=\"font-family: OpenSans; font-size: 20px; font-weight: 900; line-height: 28px; margin-bottom: 12px;\">FAQ<\/p>\n<\/div>\n<div class=\"detailmodule_text\">\n<p class=\"detail-desc-decorate-title\" style=\"font-family: OpenSans; font-size: 20px; font-weight: 900; line-height: 28px; margin-bottom: 12px;\">Quelles sont vos conditions de paiement?<\/p>\n<p class=\"detail-desc-decorate-content\" style=\"font-family: OpenSans; font-size: 14px; font-weight: 300; line-height: 20px; margin-bottom: 12px;\">La premi\u00e8re option:<br \/>T\/T 30% comme d\u00e9p\u00f4t, et 70% avant la livraison. Nous vous montrerons les photos des produits et des paquets avant de payer le solde.<br \/>La deuxi\u00e8me option:<br \/>Vous pouvez payer en ligne via Alibaba trade assurance. Nous enverrons votre commande en ligne et vous remarquerons que vous payez en ligne.<\/p>\n<\/div>\n<div class=\"detailmodule_text\">\n<p class=\"detail-desc-decorate-title\" style=\"font-family: OpenSans; font-size: 20px; font-weight: 900; line-height: 28px; margin-bottom: 12px;\">Qu&#8217;en est-il de votre d\u00e9lai de livraison?<\/p>\n<p class=\"detail-desc-decorate-content\" style=\"font-family: OpenSans; font-size: 14px; font-weight: 300; line-height: 20px; margin-bottom: 12px;\">En g\u00e9n\u00e9ral, cela prendra take15-30 jours apr\u00e8s r\u00e9ception de votre paiement en avance. Le d\u00e9lai de livraison sp\u00e9cifique d\u00e9pend des articles et de la quantit\u00e9 de votre commande. Parfois nous en avons en stock.<\/p>\n<\/div>\n<div class=\"detailmodule_text\">\n<p class=\"detail-desc-decorate-title\" style=\"font-family: OpenSans; font-size: 20px; font-weight: 900; line-height: 28px; margin-bottom: 12px;\">Quelle est votre politique de garantie?<\/p>\n<p class=\"detail-desc-decorate-content\" style=\"font-family: OpenSans; font-size: 14px; font-weight: 300; line-height: 20px; margin-bottom: 12px;\">Nous pouvons fournir une garantie d&#8217;un an pour nos machines. Nous fournirons les pi\u00e8ces gratuitement sous garantie. Nous pouvons fournir un service internet ou d&#8217;appel \u00e0 tout moment.<\/p>\n<\/div>\n<div class=\"detailmodule_text\">\n<p class=\"detail-desc-decorate-title\" style=\"font-family: OpenSans; font-size: 20px; font-weight: 900; line-height: 28px; margin-bottom: 12px;\">Puis-je passer une commande en ligne?<\/p>\n<p class=\"detail-desc-decorate-content\" style=\"font-family: OpenSans; font-size: 14px; font-weight: 300; line-height: 20px; margin-bottom: 12px;\">Les prix de la machine affich\u00e9s sur Alixepress, hors frais d&#8217;exp\u00e9dition. Exp\u00e9dition par mer, veuillez nous contacter avec votre port le plus proche ou plus d&#8217;informations. Nous indiquerons les frais d&#8217;exp\u00e9dition en fonction de votre port maritime!<\/p>\n<p>Si vous passez commande, les conditions de paiement sont la facture de l&#8217;assurance commerce Alibaba, ou T\/T, ou carte de cr\u00e9dit, n&#8217;acceptent pas de payer sur aliexpress. Veuillez nous contacter pour obtenir la derni\u00e8re offre, merci.<\/p>\n<\/div>\n<div class=\"detailmodule_text\">\n<p class=\"detail-desc-decorate-title\" style=\"font-family: OpenSans; font-size: 20px; font-weight: 900; line-height: 28px; margin-bottom: 12px;\">Avez-vous d&#8217;autres mod\u00e8les de tracteur?<\/p>\n<p class=\"detail-desc-decorate-content\" style=\"font-family: OpenSans; font-size: 14px; font-weight: 300; line-height: 20px; margin-bottom: 12px;\">Nous avons \u00e9galement deux roues motrices et quatre roues motrices disponibles:<br \/>25hp,30hp,35hp,40hp,45hp,50hp,55hp,60hp,65hp,70hp,75hp,<br \/>Tracteur 80hp,90hp,100hp,110hp,120hp,130hp,140hp,150hp pour vous de choisir!<\/p>\n<\/div>\n<div class=\"detailmodule_text\">\n<p class=\"detail-desc-decorate-title\" style=\"font-family: OpenSans; font-size: 20px; font-weight: 900; line-height: 28px; margin-bottom: 12px;\">Le tracteur doit-il \u00eatre \u00e9quip\u00e9 d&#8217;une cabine?<\/p>\n<p class=\"detail-desc-decorate-content\" style=\"font-family: OpenSans; font-size: 14px; font-weight: 300; line-height: 20px; margin-bottom: 12px;\">La configuration conventionnelle d&#8217;un tracteur est un renversement et un auvent. La cabine est optionnelle.<\/p>\n<\/div>\n<div class=\"detailmodule_text-image\">\n<p class=\"detail-desc-decorate-title\" style=\"font-family: OpenSans; font-size: 20px; font-weight: 900; line-height: 28px; margin-bottom: 12px;\">Emballage et Exp\u00e9dition<\/p>\n<p class=\"detail-desc-decorate-content\" style=\"font-family: OpenSans; font-size: 14px; font-weight: 300; line-height: 20px; margin-bottom: 12px;\">1 unit\u00e9 dans 1*20GP conteneur<br \/>3 unit\u00e9s dans 1 * 40HQ conteneur<\/p>\n<\/div>\n<p>\u00a0<\/p>\n<\/div>\n<\/div>\n","protected":false},"excerpt":{"rendered":"<p>\u00a0 Nom de marque:\u00a0SYNBON Certification:\u00a0CE Origine:\u00a0CN (Origine) Poids Maximum De Levage (T):\u00a01 Brand:\u00a0SYNBON Model:\u00a0SY504 Power:\u00a050hp \/ 36.8 kw Type:\u00a04*4 Wheeled Type Size:\u00a02400 *1200* 1100 mm Weight:\u00a01590kg Engine:\u00a0quanchai SYNOBN \u2013 tracteur de maison chaude de 50 cv Tracteur d\u00e9tails Fixation Machines et outils assortis: machines et outils de culture de terres agricoles l\u00e9g\u00e8res comme la chargeuse [&hellip;]<\/p>\n","protected":false},"featured_media":3244,"comment_status":"open","ping_status":"closed","template":"","meta":{"om_disable_all_campaigns":false,"_monsterinsights_skip_tracking":false,"_monsterinsights_sitenote_active":false,"_monsterinsights_sitenote_note":"","_monsterinsights_sitenote_category":0},"product_cat":[378],"product_tag":[],"aioseo_notices":[],"_links":{"self":[{"href":"https:\/\/alidropship.unedemo.online\/index.php\/wp-json\/wp\/v2\/product\/3243"}],"collection":[{"href":"https:\/\/alidropship.unedemo.online\/index.php\/wp-json\/wp\/v2\/product"}],"about":[{"href":"https:\/\/alidropship.unedemo.online\/index.php\/wp-json\/wp\/v2\/types\/product"}],"replies":[{"embeddable":true,"href":"https:\/\/alidropship.unedemo.online\/index.php\/wp-json\/wp\/v2\/comments?post=3243"}],"wp:featuredmedia":[{"embeddable":true,"href":"https:\/\/alidropship.unedemo.online\/index.php\/wp-json\/wp\/v2\/media\/3244"}],"wp:attachment":[{"href":"https:\/\/alidropship.unedemo.online\/index.php\/wp-json\/wp\/v2\/media?parent=3243"}],"wp:term":[{"taxonomy":"product_cat","embeddable":true,"href":"https:\/\/alidropship.unedemo.online\/index.php\/wp-json\/wp\/v2\/product_cat?post=3243"},{"taxonomy":"product_tag","embeddable":true,"href":"https:\/\/alidropship.unedemo.online\/index.php\/wp-json\/wp\/v2\/product_tag?post=3243"}],"curies":[{"name":"wp","href":"https:\/\/api.w.org\/{rel}","templated":true}]}}