{"id":357,"date":"2022-10-11T11:17:01","date_gmt":"2022-10-11T11:17:01","guid":{"rendered":"https:\/\/alidropship.unedemo.online\/index.php\/product\/t-shirt-a-manches-courtes-pour-homme-vetement-de-sport-decontracte-surdimensionne-3xl-sechage-rapide-ete-2022\/"},"modified":"2022-10-11T11:17:04","modified_gmt":"2022-10-11T11:17:04","slug":"t-shirt-a-manches-courtes-pour-homme-vetement-de-sport-decontracte-surdimensionne-3xl-sechage-rapide-ete-2022","status":"publish","type":"product","link":"https:\/\/alidropship.unedemo.online\/index.php\/product\/t-shirt-a-manches-courtes-pour-homme-vetement-de-sport-decontracte-surdimensionne-3xl-sechage-rapide-ete-2022\/","title":{"rendered":"T-shirt \u00e0 manches courtes pour homme, v\u00eatement de Sport, d\u00e9contract\u00e9, surdimensionn\u00e9 3XL, s\u00e9chage rapide, \u00e9t\u00e9, 2022"},"content":{"rendered":"\n<div class=\"product-specs-list-container\">\n<ul class=\"product-specs-list util-clearfix\">\n<li class=\"product-prop line-limit-length\"><span class=\"property-title\">Nom de marque:&nbsp;<\/span><span class=\"property-desc line-limit-length\">Lance Donovan<\/span>\n                        <\/li>\n<li class=\"product-prop line-limit-length\"><span class=\"property-title\">Applicable Scene:&nbsp;<\/span><span class=\"property-desc line-limit-length\">Daily<\/span>\n                        <\/li>\n<li class=\"product-prop line-limit-length\"><span class=\"property-title\">Style:&nbsp;<\/span><span class=\"property-desc line-limit-length\">STYLE ANGLETERRE<\/span>\n                        <\/li>\n<li class=\"product-prop line-limit-length\"><span class=\"property-title\">Longueur de Manche (cm):&nbsp;<\/span><span class=\"property-desc line-limit-length\">SHORT<\/span>\n                        <\/li>\n<li class=\"product-prop line-limit-length\"><span class=\"property-title\">Origine:&nbsp;<\/span><span class=\"property-desc line-limit-length\">CN (Origine)<\/span>\n                        <\/li>\n<li class=\"product-prop line-limit-length\"><span class=\"property-title\">CN:&nbsp;<\/span><span class=\"property-desc line-limit-length\">Shanghai<\/span>\n                        <\/li>\n<li class=\"product-prop line-limit-length\"><span class=\"property-title\">Mat\u00e9riau:&nbsp;<\/span><span class=\"property-desc line-limit-length\">POLYESTER,spandex<\/span>\n                        <\/li>\n<li class=\"product-prop line-limit-length\"><span class=\"property-title\">Saison Applicable:&nbsp;<\/span><span class=\"property-desc line-limit-length\">summer<\/span>\n                        <\/li>\n<li class=\"product-prop line-limit-length\"><span class=\"property-title\">Collier:&nbsp;<\/span><span class=\"property-desc line-limit-length\">Col rond<\/span>\n                        <\/li>\n<li class=\"product-prop line-limit-length\"><span class=\"property-title\">Type de Veste:&nbsp;<\/span><span class=\"property-desc line-limit-length\">TEE<\/span>\n                        <\/li>\n<li class=\"product-prop line-limit-length\"><span class=\"property-title\">Style de Manches:&nbsp;<\/span><span class=\"property-desc line-limit-length\">NONE<\/span>\n                        <\/li>\n<li class=\"product-prop line-limit-length\"><span class=\"property-title\">\u00c0 capuche:&nbsp;<\/span><span class=\"property-desc line-limit-length\">Pas de<\/span>\n                        <\/li>\n<li class=\"product-prop line-limit-length\"><span class=\"property-title\">Type de tissu:&nbsp;<\/span><span class=\"property-desc line-limit-length\">Drap fin<\/span>\n                        <\/li>\n<li class=\"product-prop line-limit-length\"><span class=\"property-title\">Sexe:&nbsp;<\/span><span class=\"property-desc line-limit-length\">MEN<\/span>\n                        <\/li>\n<li class=\"product-prop line-limit-length\"><span class=\"property-title\">Type de Motif:&nbsp;<\/span><span class=\"property-desc line-limit-length\">Tie-Dye<\/span>\n                        <\/li>\n<li class=\"product-prop line-limit-length\"><span class=\"property-title\">Type D&#8217;article:&nbsp;<\/span><span class=\"property-desc line-limit-length\">tops<\/span>\n                        <\/li>\n<li class=\"product-prop line-limit-length\"><span class=\"property-title\">Lieu d&#8217;origine:&nbsp;<\/span><span class=\"property-desc line-limit-length\">Chine (continent)<\/span>\n                        <\/li>\n<\/ul><\/div>\n<div class=\"detailmodule_html\">\n<div class=\"detail-desc-decorate-richtext\"><\/div>\n<\/div>\n<div class=\"detailmodule_html\">\n<div class=\"detail-desc-decorate-richtext\">\n<div class=\"detailmodule_html\">\n<div class=\"detail-desc-decorate-richtext\"><\/div>\n<\/div>\n<div class=\"detailmodule_html\">\n<div class=\"detail-desc-decorate-richtext\">\n<div class=\"detailmodule_html\">\n<div class=\"detail-desc-decorate-richtext\">\n<div><\/div>\n<p><img src=\"https:\/\/ae01.alicdn.com\/kf\/H1dd0f272218d440b9da3b888c6bf5e14G.jpg\" \/><\/p>\n<div><img src=\"https:\/\/ae01.alicdn.com\/kf\/S285bb03e39d342b387ac4b6a21591639R.jpg\" \/><img src=\"https:\/\/ae01.alicdn.com\/kf\/S5ddc2a845a834835a9dac8ffb40ff795f.jpg\" \/><img src=\"https:\/\/ae01.alicdn.com\/kf\/S02b51b4a5c2f42b79a263caa7ebd1fe9u.jpg\" \/><img src=\"https:\/\/ae01.alicdn.com\/kf\/S22a7c229610d4fdba1580cf43633f056o.jpg\" \/><img src=\"https:\/\/ae01.alicdn.com\/kf\/Sa52ff46c44ec4d1ea1bdd3edbd046a71Q.jpg\" \/><img src=\"https:\/\/ae01.alicdn.com\/kf\/Sd0d39ad164c6486c845e137d11716f53E.jpg\" \/><img src=\"https:\/\/ae01.alicdn.com\/kf\/Sf1ff88eeb9964028a09d676bac17df45y.jpg\" \/><img src=\"https:\/\/ae01.alicdn.com\/kf\/S4ec97065605049af8df552eeeca234e5z.jpg\" \/><\/div>\n<div><\/div>\n<p><\/p>\n<\/div>\n<\/div>\n<\/div>\n<\/div>\n<\/div>\n<\/div>\n<p><\/p>\n","protected":false},"excerpt":{"rendered":"<p>Nom de marque:&nbsp;Lance Donovan Applicable Scene:&nbsp;Daily Style:&nbsp;STYLE ANGLETERRE Longueur de Manche (cm):&nbsp;SHORT Origine:&nbsp;CN (Origine) CN:&nbsp;Shanghai Mat\u00e9riau:&nbsp;POLYESTER,spandex Saison Applicable:&nbsp;summer Collier:&nbsp;Col rond Type de Veste:&nbsp;TEE Style de Manches:&nbsp;NONE \u00c0 capuche:&nbsp;Pas de Type de tissu:&nbsp;Drap fin Sexe:&nbsp;MEN Type de Motif:&nbsp;Tie-Dye Type D&#8217;article:&nbsp;tops Lieu d&#8217;origine:&nbsp;Chine (continent)<\/p>\n","protected":false},"featured_media":358,"comment_status":"open","ping_status":"closed","template":"","meta":{"om_disable_all_campaigns":false,"_monsterinsights_skip_tracking":false,"_monsterinsights_sitenote_active":false,"_monsterinsights_sitenote_note":"","_monsterinsights_sitenote_category":0},"product_cat":[],"product_tag":[],"aioseo_notices":[],"_links":{"self":[{"href":"https:\/\/alidropship.unedemo.online\/index.php\/wp-json\/wp\/v2\/product\/357"}],"collection":[{"href":"https:\/\/alidropship.unedemo.online\/index.php\/wp-json\/wp\/v2\/product"}],"about":[{"href":"https:\/\/alidropship.unedemo.online\/index.php\/wp-json\/wp\/v2\/types\/product"}],"replies":[{"embeddable":true,"href":"https:\/\/alidropship.unedemo.online\/index.php\/wp-json\/wp\/v2\/comments?post=357"}],"wp:featuredmedia":[{"embeddable":true,"href":"https:\/\/alidropship.unedemo.online\/index.php\/wp-json\/wp\/v2\/media\/358"}],"wp:attachment":[{"href":"https:\/\/alidropship.unedemo.online\/index.php\/wp-json\/wp\/v2\/media?parent=357"}],"wp:term":[{"taxonomy":"product_cat","embeddable":true,"href":"https:\/\/alidropship.unedemo.online\/index.php\/wp-json\/wp\/v2\/product_cat?post=357"},{"taxonomy":"product_tag","embeddable":true,"href":"https:\/\/alidropship.unedemo.online\/index.php\/wp-json\/wp\/v2\/product_tag?post=357"}],"curies":[{"name":"wp","href":"https:\/\/api.w.org\/{rel}","templated":true}]}}