{"id":398,"date":"2022-10-16T23:56:11","date_gmt":"2022-10-16T23:56:11","guid":{"rendered":"https:\/\/alidropship.unedemo.online\/index.php\/product\/t-shirt-surdimensionne-pour-homme-maillot-de-football-francais-decontracte-a-la-mode-de-marque-streetwear\/"},"modified":"2022-10-16T23:56:18","modified_gmt":"2022-10-16T23:56:18","slug":"t-shirt-surdimensionne-pour-homme-maillot-de-football-francais-decontracte-a-la-mode-de-marque-streetwear","status":"publish","type":"product","link":"https:\/\/alidropship.unedemo.online\/index.php\/product\/t-shirt-surdimensionne-pour-homme-maillot-de-football-francais-decontracte-a-la-mode-de-marque-streetwear\/","title":{"rendered":"T-shirt surdimensionn\u00e9 pour homme, maillot de Football fran\u00e7ais, d\u00e9contract\u00e9, \u00e0 la mode, de marque, Streetwear"},"content":{"rendered":"\n<div class=\"product-specs-list-container\">\n<ul class=\"product-specs-list util-clearfix\">\n<li class=\"product-prop line-limit-length\"><span class=\"property-title\">Applicable Scene:&nbsp;<\/span><span class=\"property-desc line-limit-length\">Daily<\/span>\n                        <\/li>\n<li class=\"product-prop line-limit-length\"><span class=\"property-title\">Longueur de Manche (cm):&nbsp;<\/span><span class=\"property-desc line-limit-length\">SHORT<\/span>\n                        <\/li>\n<li class=\"product-prop line-limit-length\"><span class=\"property-title\">Saison Applicable:&nbsp;<\/span><span class=\"property-desc line-limit-length\">Printemps et \u00e9t\u00e9<\/span>\n                        <\/li>\n<li class=\"product-prop line-limit-length\"><span class=\"property-title\">Style:&nbsp;<\/span><span class=\"property-desc line-limit-length\">Sport<\/span>\n                        <\/li>\n<li class=\"product-prop line-limit-length\"><span class=\"property-title\">Origine:&nbsp;<\/span><span class=\"property-desc line-limit-length\">CN (Origine)<\/span>\n                        <\/li>\n<li class=\"product-prop line-limit-length\"><span class=\"property-title\">CN:&nbsp;<\/span><span class=\"property-desc line-limit-length\">Zhejiang<\/span>\n                        <\/li>\n<li class=\"product-prop line-limit-length\"><span class=\"property-title\">Mat\u00e9riau:&nbsp;<\/span><span class=\"property-desc line-limit-length\">COTTON<\/span>\n                        <\/li>\n<li class=\"product-prop line-limit-length\"><span class=\"property-title\">Collier:&nbsp;<\/span><span class=\"property-desc line-limit-length\">Col rond<\/span>\n                        <\/li>\n<li class=\"product-prop line-limit-length\"><span class=\"property-title\">\u00c0 capuche:&nbsp;<\/span><span class=\"property-desc line-limit-length\">Pas de<\/span>\n                        <\/li>\n<li class=\"product-prop line-limit-length\"><span class=\"property-title\">Type de tissu:&nbsp;<\/span><span class=\"property-desc line-limit-length\">VELOUR<\/span>\n                        <\/li>\n<li class=\"product-prop line-limit-length\"><span class=\"property-title\">Sexe:&nbsp;<\/span><span class=\"property-desc line-limit-length\">MEN<\/span>\n                        <\/li>\n<li class=\"product-prop line-limit-length\"><span class=\"property-title\">Type de Motif:&nbsp;<\/span><span class=\"property-desc line-limit-length\">Imprimer<\/span>\n                        <\/li>\n<li class=\"product-prop line-limit-length\"><span class=\"property-title\">Type de Veste:&nbsp;<\/span><span class=\"property-desc line-limit-length\">TEE<\/span>\n                        <\/li>\n<li class=\"product-prop line-limit-length\"><span class=\"property-title\">Type D&#8217;article:&nbsp;<\/span><span class=\"property-desc line-limit-length\">tops<\/span>\n                        <\/li>\n<li class=\"product-prop line-limit-length\"><span class=\"property-title\">Lieu d&#8217;origine:&nbsp;<\/span><span class=\"property-desc line-limit-length\">Chine (continent)<\/span>\n                        <\/li>\n<li class=\"product-prop line-limit-length\"><span class=\"property-title\">CN:&nbsp;<\/span><span class=\"property-desc line-limit-length\">Guangdong<\/span>\n                        <\/li>\n<li class=\"product-prop line-limit-length\"><span class=\"property-title\">graphic t shirts men:&nbsp;<\/span><span class=\"property-desc line-limit-length\">t shirts men<\/span>\n                        <\/li>\n<li class=\"product-prop line-limit-length\"><span class=\"property-title\">funny t shirt:&nbsp;<\/span><span class=\"property-desc line-limit-length\">Short sleeve T-shirt<\/span>\n                        <\/li>\n<li class=\"product-prop line-limit-length\"><span class=\"property-title\">t shirt for men:&nbsp;<\/span><span class=\"property-desc line-limit-length\">cotton t shirt<\/span>\n                        <\/li>\n<\/ul><\/div>\n<div class=\"detailmodule_html\">\n<div class=\"detail-desc-decorate-richtext\">\n<div class=\"detailmodule_dynamic\"><\/div>\n<div class=\"detailmodule_html\">\n<div class=\"detail-desc-decorate-richtext\">\n<p><img src=\"https:\/\/ae01.alicdn.com\/kf\/Sc686e2cb302d4f569251ae1432831626g.png\"><\/p>\n<p><img src=\"https:\/\/ae01.alicdn.com\/kf\/S08463b873906429796a7f784096eda6f3.jpg\"><\/p>\n<div class=\"detailmodule_html\">\n<div class=\"detail-desc-decorate-richtext\">\n<div class=\"detailmodule_html\" style=\"font-size:14px;font-weight:400;letter-spacing:normal;text-align:start;color:#333333;background-color:#FFFFFF;margin:0px;padding:0px\">\n<div class=\"detail-desc-decorate-richtext\" style=\"margin:0px;padding:0px\">\n<div class=\"detailmodule_html\">\n<div class=\"detail-desc-decorate-richtext\">\n<div class=\"detailmodule_html\" style=\"font-size:14px;font-weight:400;letter-spacing:normal;text-align:start;color:#333333;background-color:#FFFFFF;margin:0px;padding:0px\">\n<div class=\"detail-desc-decorate-richtext\" style=\"margin:0px;padding:0px\">\n<h1 style=\"margin:0pt 0pt 9pt;line-height:21pt;background-color:#ffffff;padding:0pt 0pt 0pt 0em\"><\/h1>\n<p style=\"margin:0pt 0pt 9pt;line-height:21pt;background-color:#ffffff;padding:0pt 0pt 0pt 0em\"><strong><span class=\"15\" style=\"font-size:15pt;font-family:\u5fae\u8f6f\u96c5\u9ed1;color:#000000;background-color:#ffffff\">Nos services pour vous<\/span><\/strong><\/p>\n<p class=\"detail-desc-decorate-content\" style=\"font-size:14px;font-family:OpenSans;font-weight:300;color:#000000;margin:0px 0px 12px;letter-spacing:normal;line-height:20px;background-color:#ffffff;padding:0px\"><strong><span style=\"font-size:14px;color:#d33115;background-color:#ffffff\">\ud83d\udc4fVous allez acheter des produits bon march\u00e9 et de bonne qualit\u00e9 de l&#8217;usine de la chine directement, nous vous fournirons un transport logistique pratique et rapide.<\/p>\n<p>\ud83d\udc4fNous acceptons bricolage style personnalis\u00e9, logo personnalis\u00e9, grossiste commerce de gros, veuillez nous envoyer un email, nous vous donnerons le meilleur prix pour am\u00e9liorer votre comp\u00e9titivit\u00e9 du march\u00e9 et les b\u00e9n\u00e9fices de l&#8217;entreprise!<\/p>\n<p>\ud83d\udc4fLa logistique officielle en ligne d&#8217;aliexpress pour vous assurer que votre commande est livr\u00e9e \u00e0 temps.<\/p>\n<p>\ud83d\udc4fNous vous fournissons un service client 24 heures sur 24, vous pouvez nous contacter \u00e0 tout moment pour toute question sur le produit.<\/span><\/strong><\/p>\n<\/div>\n<\/div>\n<\/div>\n<\/div>\n<p class=\"p\" style=\"font-size:14px;font-weight:400;text-align:left;margin:0pt 0pt 6pt;line-height:21px;background-color:#ffffff;padding:0pt 0pt 0pt 0em\" align=\"left\"><span style=\"font-size:20px;font-family:\u5fae\u8f6f\u96c5\u9ed1;color:#000000;background-color:#ffffff\"><strong>Informations de taille:<\/strong><\/span><\/p>\n<p class=\"p\" style=\"font-size:14px;font-weight:400;text-align:left;margin:0pt 0pt 6pt;line-height:21px;background-color:#ffffff;padding:0pt 0pt 0pt 0em\" align=\"left\"><\/p>\n<\/div>\n<\/div>\n<\/div>\n<\/div>\n<div class=\"detailmodule_html\">\n<div class=\"detail-desc-decorate-richtext\">\n<div class=\"detailmodule_html\">\n<div class=\"detail-desc-decorate-richtext\">\n<div class=\"detailmodule_html\" style=\"font-size:14px;font-weight:400;letter-spacing:normal;text-align:start;color:#333333;background-color:#FFFFFF;margin:0px;padding:0px\">\n<div class=\"detail-desc-decorate-richtext\" style=\"margin:0px;padding:0px\">\n<div class=\"detailmodule_html\">\n<div class=\"detail-desc-decorate-richtext\">\n<div class=\"detailmodule_html\">\n<div class=\"detail-desc-decorate-richtext\">\n<div class=\"detailmodule_html\" style=\"font-size:14px;font-weight:400;letter-spacing:normal;text-align:start;color:#333333;background-color:#FFFFFF;margin:0px;padding:0px\">\n<div class=\"detail-desc-decorate-richtext\" style=\"margin:0px;padding:0px\"><strong><span style=\"font-size:20px;font-family:\u5fae\u8f6f\u96c5\u9ed1;color:#000000;background-color:#ffffff\"> <\/p>\n<p><img style=\"width:1000px\" src=\"https:\/\/ae01.alicdn.com\/kf\/Sfdbf40f211a24647b9ffbac68723d237E.jpg\"><\/p>\n<p style=\"font-size:14px;font-weight:400;margin:0px;padding:0px\">Description du produit:<\/span><\/strong><\/p>\n<p><p style=\"font-size:14px;font-weight:400;margin:0px;padding:0px\"><img src=\"https:\/\/ae01.alicdn.com\/kf\/S11d0ff866787488b8019f725dd13eec2E.jpg\"><img src=\"https:\/\/ae01.alicdn.com\/kf\/S0410d49b303242059e022055d9f2d8faR.jpg\"><img src=\"https:\/\/ae01.alicdn.com\/kf\/S50ede632a70b48158dfb01aa6c20d6ccn.png\"><\/p>\n<div><img src=\"https:\/\/ae01.alicdn.com\/kf\/S7c3439abc521492a98290ea371284089o.jpg\"> <img src=\"https:\/\/ae01.alicdn.com\/kf\/Sbf05390e4d3845cf843425bb0316958fG.jpg\"> <img src=\"https:\/\/ae01.alicdn.com\/kf\/S83e072d37a814ca3895bc5364b856241c.jpg\"> <img src=\"https:\/\/ae01.alicdn.com\/kf\/S22909766b2f140a1b6c2cca6b14831cdI.jpg\"> <img src=\"https:\/\/ae01.alicdn.com\/kf\/Sb560a2882ec34652b7f41c3548d31203D.jpg\"> <img src=\"https:\/\/ae01.alicdn.com\/kf\/S901c4d518e014557a0c8bcc01eb2b6ebM.jpg\"> <\/div>\n<div><\/div>\n<\/div>\n<\/div>\n<\/div>\n<\/div>\n<\/div>\n<\/div>\n<\/div>\n<\/div>\n<div><\/div>\n<\/div>\n<\/div>\n<\/div>\n<\/div>\n<p><img src=\"https:\/\/ae01.alicdn.com\/kf\/S19bc39916a2f4102983d7ec7da9b257dK.png\"><\/p>\n<\/div>\n<\/div>\n<\/div>\n<\/div>\n","protected":false},"excerpt":{"rendered":"<p>Applicable Scene:&nbsp;Daily Longueur de Manche (cm):&nbsp;SHORT Saison Applicable:&nbsp;Printemps et \u00e9t\u00e9 Style:&nbsp;Sport Origine:&nbsp;CN (Origine) CN:&nbsp;Zhejiang Mat\u00e9riau:&nbsp;COTTON Collier:&nbsp;Col rond \u00c0 capuche:&nbsp;Pas de Type de tissu:&nbsp;VELOUR Sexe:&nbsp;MEN Type de Motif:&nbsp;Imprimer Type de Veste:&nbsp;TEE Type D&#8217;article:&nbsp;tops Lieu d&#8217;origine:&nbsp;Chine (continent) CN:&nbsp;Guangdong graphic t shirts men:&nbsp;t shirts men funny t shirt:&nbsp;Short sleeve T-shirt t shirt for men:&nbsp;cotton t shirt Nos services [&hellip;]<\/p>\n","protected":false},"featured_media":399,"comment_status":"open","ping_status":"closed","template":"","meta":{"om_disable_all_campaigns":false,"_monsterinsights_skip_tracking":false,"_monsterinsights_sitenote_active":false,"_monsterinsights_sitenote_note":"","_monsterinsights_sitenote_category":0},"product_cat":[],"product_tag":[],"aioseo_notices":[],"_links":{"self":[{"href":"https:\/\/alidropship.unedemo.online\/index.php\/wp-json\/wp\/v2\/product\/398"}],"collection":[{"href":"https:\/\/alidropship.unedemo.online\/index.php\/wp-json\/wp\/v2\/product"}],"about":[{"href":"https:\/\/alidropship.unedemo.online\/index.php\/wp-json\/wp\/v2\/types\/product"}],"replies":[{"embeddable":true,"href":"https:\/\/alidropship.unedemo.online\/index.php\/wp-json\/wp\/v2\/comments?post=398"}],"wp:featuredmedia":[{"embeddable":true,"href":"https:\/\/alidropship.unedemo.online\/index.php\/wp-json\/wp\/v2\/media\/399"}],"wp:attachment":[{"href":"https:\/\/alidropship.unedemo.online\/index.php\/wp-json\/wp\/v2\/media?parent=398"}],"wp:term":[{"taxonomy":"product_cat","embeddable":true,"href":"https:\/\/alidropship.unedemo.online\/index.php\/wp-json\/wp\/v2\/product_cat?post=398"},{"taxonomy":"product_tag","embeddable":true,"href":"https:\/\/alidropship.unedemo.online\/index.php\/wp-json\/wp\/v2\/product_tag?post=398"}],"curies":[{"name":"wp","href":"https:\/\/api.w.org\/{rel}","templated":true}]}}