{"id":502,"date":"2022-10-16T23:56:21","date_gmt":"2022-10-16T23:56:21","guid":{"rendered":"https:\/\/alidropship.unedemo.online\/index.php\/product\/t-shirt-a-manches-courtes-pour-homme-vetement-de-sport-decontracte-patchwork-bleu-surdimensionne-3xl-ete-2022\/"},"modified":"2022-10-16T23:56:24","modified_gmt":"2022-10-16T23:56:24","slug":"t-shirt-a-manches-courtes-pour-homme-vetement-de-sport-decontracte-patchwork-bleu-surdimensionne-3xl-ete-2022","status":"publish","type":"product","link":"https:\/\/alidropship.unedemo.online\/index.php\/product\/t-shirt-a-manches-courtes-pour-homme-vetement-de-sport-decontracte-patchwork-bleu-surdimensionne-3xl-ete-2022\/","title":{"rendered":"T-shirt \u00e0 manches courtes pour homme, v\u00eatement de Sport, d\u00e9contract\u00e9, Patchwork, bleu, surdimensionn\u00e9 3XL, \u00e9t\u00e9, 2022"},"content":{"rendered":"\n<div class=\"product-specs-list-container\">\n<ul class=\"product-specs-list util-clearfix\">\n<li class=\"product-prop line-limit-length\"><span class=\"property-title\">Nom de marque:&nbsp;<\/span><span class=\"property-desc line-limit-length\">Lance Donovan<\/span>\n                        <\/li>\n<li class=\"product-prop line-limit-length\"><span class=\"property-title\">Applicable Scene:&nbsp;<\/span><span class=\"property-desc line-limit-length\">Daily<\/span>\n                        <\/li>\n<li class=\"product-prop line-limit-length\"><span class=\"property-title\">Longueur de Manche (cm):&nbsp;<\/span><span class=\"property-desc line-limit-length\">SHORT<\/span>\n                        <\/li>\n<li class=\"product-prop line-limit-length\"><span class=\"property-title\">Saison Applicable:&nbsp;<\/span><span class=\"property-desc line-limit-length\">summer<\/span>\n                        <\/li>\n<li class=\"product-prop line-limit-length\"><span class=\"property-title\">Style:&nbsp;<\/span><span class=\"property-desc line-limit-length\">STYLE ANGLETERRE<\/span>\n                        <\/li>\n<li class=\"product-prop line-limit-length\"><span class=\"property-title\">Origine:&nbsp;<\/span><span class=\"property-desc line-limit-length\">CN (Origine)<\/span>\n                        <\/li>\n<li class=\"product-prop line-limit-length\"><span class=\"property-title\">CN:&nbsp;<\/span><span class=\"property-desc line-limit-length\">Guangdong<\/span>\n                        <\/li>\n<li class=\"product-prop line-limit-length\"><span class=\"property-title\">Mat\u00e9riau:&nbsp;<\/span><span class=\"property-desc line-limit-length\">POLYESTER,spandex<\/span>\n                        <\/li>\n<li class=\"product-prop line-limit-length\"><span class=\"property-title\">Collier:&nbsp;<\/span><span class=\"property-desc line-limit-length\">Col rond<\/span>\n                        <\/li>\n<li class=\"product-prop line-limit-length\"><span class=\"property-title\">Style de Manches:&nbsp;<\/span><span class=\"property-desc line-limit-length\">NONE<\/span>\n                        <\/li>\n<li class=\"product-prop line-limit-length\"><span class=\"property-title\">\u00c0 capuche:&nbsp;<\/span><span class=\"property-desc line-limit-length\">Pas de<\/span>\n                        <\/li>\n<li class=\"product-prop line-limit-length\"><span class=\"property-title\">Type de tissu:&nbsp;<\/span><span class=\"property-desc line-limit-length\">Drap fin<\/span>\n                        <\/li>\n<li class=\"product-prop line-limit-length\"><span class=\"property-title\">Sexe:&nbsp;<\/span><span class=\"property-desc line-limit-length\">MEN<\/span>\n                        <\/li>\n<li class=\"product-prop line-limit-length\"><span class=\"property-title\">Type de Motif:&nbsp;<\/span><span class=\"property-desc line-limit-length\">Patchwork<\/span>\n                        <\/li>\n<li class=\"product-prop line-limit-length\"><span class=\"property-title\">Type de Veste:&nbsp;<\/span><span class=\"property-desc line-limit-length\">TEE<\/span>\n                        <\/li>\n<li class=\"product-prop line-limit-length\"><span class=\"property-title\">Type D&#8217;article:&nbsp;<\/span><span class=\"property-desc line-limit-length\">tops<\/span>\n                        <\/li>\n<\/ul><\/div>\n<div class=\"detailmodule_html\">\n<div class=\"detail-desc-decorate-richtext\">\n<div class=\"detailmodule_html\">\n<div class=\"detail-desc-decorate-richtext\"><\/div>\n<\/div>\n<div class=\"detailmodule_html\">\n<div class=\"detail-desc-decorate-richtext\">\n<div class=\"detailmodule_html\">\n<div class=\"detail-desc-decorate-richtext\"><\/div>\n<\/div>\n<div class=\"detailmodule_html\">\n<div class=\"detail-desc-decorate-richtext\">\n<div class=\"detailmodule_html\">\n<div class=\"detail-desc-decorate-richtext\">\n<div><\/div>\n<p><img src=\"https:\/\/ae01.alicdn.com\/kf\/H1dd0f272218d440b9da3b888c6bf5e14G.jpg\" \/><\/p>\n<div><img src=\"https:\/\/ae01.alicdn.com\/kf\/S89b1bcc14b0d475ca752cb6f7c61c2b8N.jpg\" \/><img src=\"https:\/\/ae01.alicdn.com\/kf\/Sd1ca421f4a264880a03466cb992ebdc1G.jpg\" \/><img src=\"https:\/\/ae01.alicdn.com\/kf\/S46bdafa94a3147459e00e9724c0659bdr.jpg\" \/><img src=\"https:\/\/ae01.alicdn.com\/kf\/S0f84d9bdc80548d98ee8c063416058d3E.jpg\" \/><img src=\"https:\/\/ae01.alicdn.com\/kf\/S6475680679374135a492223ed2bf0844E.jpg\" \/><img src=\"https:\/\/ae01.alicdn.com\/kf\/S0452032c681141529fd56dde4e9a599de.jpg\" \/><\/div>\n<div><\/div>\n<p><\/p>\n<\/div>\n<\/div>\n<\/div>\n<\/div>\n<\/div>\n<\/div>\n<p><\/p>\n<\/div>\n<\/div>\n","protected":false},"excerpt":{"rendered":"<p>Nom de marque:&nbsp;Lance Donovan Applicable Scene:&nbsp;Daily Longueur de Manche (cm):&nbsp;SHORT Saison Applicable:&nbsp;summer Style:&nbsp;STYLE ANGLETERRE Origine:&nbsp;CN (Origine) CN:&nbsp;Guangdong Mat\u00e9riau:&nbsp;POLYESTER,spandex Collier:&nbsp;Col rond Style de Manches:&nbsp;NONE \u00c0 capuche:&nbsp;Pas de Type de tissu:&nbsp;Drap fin Sexe:&nbsp;MEN Type de Motif:&nbsp;Patchwork Type de Veste:&nbsp;TEE Type D&#8217;article:&nbsp;tops<\/p>\n","protected":false},"featured_media":504,"comment_status":"open","ping_status":"closed","template":"","meta":{"om_disable_all_campaigns":false,"_monsterinsights_skip_tracking":false,"_monsterinsights_sitenote_active":false,"_monsterinsights_sitenote_note":"","_monsterinsights_sitenote_category":0},"product_cat":[],"product_tag":[],"aioseo_notices":[],"_links":{"self":[{"href":"https:\/\/alidropship.unedemo.online\/index.php\/wp-json\/wp\/v2\/product\/502"}],"collection":[{"href":"https:\/\/alidropship.unedemo.online\/index.php\/wp-json\/wp\/v2\/product"}],"about":[{"href":"https:\/\/alidropship.unedemo.online\/index.php\/wp-json\/wp\/v2\/types\/product"}],"replies":[{"embeddable":true,"href":"https:\/\/alidropship.unedemo.online\/index.php\/wp-json\/wp\/v2\/comments?post=502"}],"wp:featuredmedia":[{"embeddable":true,"href":"https:\/\/alidropship.unedemo.online\/index.php\/wp-json\/wp\/v2\/media\/504"}],"wp:attachment":[{"href":"https:\/\/alidropship.unedemo.online\/index.php\/wp-json\/wp\/v2\/media?parent=502"}],"wp:term":[{"taxonomy":"product_cat","embeddable":true,"href":"https:\/\/alidropship.unedemo.online\/index.php\/wp-json\/wp\/v2\/product_cat?post=502"},{"taxonomy":"product_tag","embeddable":true,"href":"https:\/\/alidropship.unedemo.online\/index.php\/wp-json\/wp\/v2\/product_tag?post=502"}],"curies":[{"name":"wp","href":"https:\/\/api.w.org\/{rel}","templated":true}]}}