{"id":534,"date":"2022-10-16T23:56:35","date_gmt":"2022-10-16T23:56:35","guid":{"rendered":"https:\/\/alidropship.unedemo.online\/index.php\/product\/t-shirt-manches-courtes-pour-homme-vetement-de-sport-ample-et-respirant-a-la-mode-sechage-rapide-pour-la-course-le-camping-la-randonnee-et-le-cyclisme\/"},"modified":"2022-10-16T23:56:40","modified_gmt":"2022-10-16T23:56:40","slug":"t-shirt-manches-courtes-pour-homme-vetement-de-sport-ample-et-respirant-a-la-mode-sechage-rapide-pour-la-course-le-camping-la-randonnee-et-le-cyclisme","status":"publish","type":"product","link":"https:\/\/alidropship.unedemo.online\/index.php\/product\/t-shirt-manches-courtes-pour-homme-vetement-de-sport-ample-et-respirant-a-la-mode-sechage-rapide-pour-la-course-le-camping-la-randonnee-et-le-cyclisme\/","title":{"rendered":"T-shirt manches courtes pour homme, v\u00eatement de sport ample et respirant, \u00e0 la mode, s\u00e9chage rapide, pour la course, le Camping, la randonn\u00e9e et le cyclisme"},"content":{"rendered":"\n<div class=\"product-specs-list-container\">\n<ul class=\"product-specs-list util-clearfix\">\n<li class=\"product-prop line-limit-length\"><span class=\"property-title\">Applicable Scene:&nbsp;<\/span><span class=\"property-desc line-limit-length\">Daily<\/span>\n                        <\/li>\n<li class=\"product-prop line-limit-length\"><span class=\"property-title\">Longueur de Manche (cm):&nbsp;<\/span><span class=\"property-desc line-limit-length\">SHORT<\/span>\n                        <\/li>\n<li class=\"product-prop line-limit-length\"><span class=\"property-title\">Origine:&nbsp;<\/span><span class=\"property-desc line-limit-length\">CN (Origine)<\/span>\n                        <\/li>\n<li class=\"product-prop line-limit-length\"><span class=\"property-title\">Mat\u00e9riau:&nbsp;<\/span><span class=\"property-desc line-limit-length\">POLYESTER<\/span>\n                        <\/li>\n<li class=\"product-prop line-limit-length\"><span class=\"property-title\">Saison Applicable:&nbsp;<\/span><span class=\"property-desc line-limit-length\">Printemps et \u00e9t\u00e9<\/span>\n                        <\/li>\n<li class=\"product-prop line-limit-length\"><span class=\"property-title\">Style:&nbsp;<\/span><span class=\"property-desc line-limit-length\">SPORTS<\/span>\n                        <\/li>\n<li class=\"product-prop line-limit-length\"><span class=\"property-title\">Collier:&nbsp;<\/span><span class=\"property-desc line-limit-length\">Col rond<\/span>\n                        <\/li>\n<li class=\"product-prop line-limit-length\"><span class=\"property-title\">Type D&#8217;article:&nbsp;<\/span><span class=\"property-desc line-limit-length\">tops<\/span>\n                        <\/li>\n<li class=\"product-prop line-limit-length\"><span class=\"property-title\">Type de Veste:&nbsp;<\/span><span class=\"property-desc line-limit-length\">TEE<\/span>\n                        <\/li>\n<li class=\"product-prop line-limit-length\"><span class=\"property-title\">Style de Manches:&nbsp;<\/span><span class=\"property-desc line-limit-length\">Men Breathable T-Shirt<\/span>\n                        <\/li>\n<li class=\"product-prop line-limit-length\"><span class=\"property-title\">\u00c0 capuche:&nbsp;<\/span><span class=\"property-desc line-limit-length\">Pas de<\/span>\n                        <\/li>\n<li class=\"product-prop line-limit-length\"><span class=\"property-title\">Type de tissu:&nbsp;<\/span><span class=\"property-desc line-limit-length\">Drap fin<\/span>\n                        <\/li>\n<li class=\"product-prop line-limit-length\"><span class=\"property-title\">Sexe:&nbsp;<\/span><span class=\"property-desc line-limit-length\">MEN<\/span>\n                        <\/li>\n<li class=\"product-prop line-limit-length\"><span class=\"property-title\">Type de Motif:&nbsp;<\/span><span class=\"property-desc line-limit-length\">Patchwork<\/span>\n                        <\/li>\n<li class=\"product-prop line-limit-length\"><span class=\"property-title\">Model Name:&nbsp;<\/span><span class=\"property-desc line-limit-length\">Mens Running Gym Sports Tops<\/span>\n                        <\/li>\n<\/ul><\/div>\n<div class=\"detailmodule_html\">\n<div class=\"detail-desc-decorate-richtext\">\n<div style=\"font-size:20px\">\n<p><span style=\"font-size:20px\">Taille de l&#8217;\u00e9tiquette: L ~ 3XL. Veuillez vous assurer que ces mesures r\u00e9elles vous conviendront.<\/span><\/p>\n<p><\/p>\n<table style=\"border-collapse:collapse;width:761px\" width=\"761\">\n<tbody>\n<tr class=\"firstRow\">\n<td style=\"padding:1px 1px 0px\" width=\"762\" colSpan=\"6\">\n<p style=\"text-align:center\" align=\"center\"><span style=\"font-size:20px\">Tableau des tailles (1 pouce = 2.54cm)<\/span><\/p>\n<\/td>\n<\/tr>\n<tr>\n<td style=\"padding:1px 1px 0px\" width=\"259\" colSpan=\"2\">\n<p style=\"text-align:center\" align=\"center\"><span style=\"font-size:20px\">\u00c9tiquette de Taille<\/span><\/p>\n<\/td>\n<td style=\"padding:1px 1px 0px\" width=\"126\">\n<p style=\"text-align:center\" align=\"center\"><span style=\"font-size:20px\">L<\/span><\/p>\n<\/td>\n<td style=\"padding:1px 1px 0px\" width=\"126\">\n<p style=\"text-align:center\" align=\"center\"><span style=\"font-size:20px\">XL<\/span><\/p>\n<\/td>\n<td style=\"padding:1px 1px 0px\" width=\"126\">\n<p style=\"text-align:center\" align=\"center\"><span style=\"font-size:20px\">2XL<\/span><\/p>\n<\/td>\n<td style=\"padding:1px 1px 0px\" width=\"126\">\n<p style=\"text-align:center\" align=\"center\"><span style=\"font-size:20px\">3XL<\/span><\/p>\n<\/td>\n<\/tr>\n<tr>\n<td style=\"padding:1px 1px 0px\" width=\"167\" rowspan=\"2\" colSpan=\"1\">\n<p style=\"text-align:center\" align=\"center\"><span style=\"font-size:20px\">Buste<\/span><\/p>\n<\/td>\n<td style=\"padding:1px 1px 0px\" width=\"92\">\n<p style=\"text-align:center\" align=\"center\"><span style=\"font-size:20px\">Cm<\/span><\/p>\n<\/td>\n<td style=\"padding:1px 1px 0px\" width=\"126\">\n<p style=\"text-align:center\" align=\"center\"><span style=\"font-size:20px\">98<\/span><\/p>\n<\/td>\n<td style=\"padding:1px 1px 0px\" width=\"126\">\n<p style=\"text-align:center\" align=\"center\"><span style=\"font-size:20px\">102<\/span><\/p>\n<\/td>\n<td style=\"padding:1px 1px 0px\" width=\"126\">\n<p style=\"text-align:center\" align=\"center\"><span style=\"font-size:20px\">106<\/span><\/p>\n<\/td>\n<td style=\"padding:1px 1px 0px\" width=\"126\">\n<p style=\"text-align:center\" align=\"center\"><span style=\"font-size:20px\">110<\/span><\/p>\n<\/td>\n<\/tr>\n<tr>\n<td style=\"padding:1px 1px 0px\" width=\"92\">\n<p style=\"text-align:center\" align=\"center\"><span style=\"font-size:20px\">Pouces<\/span><\/p>\n<\/td>\n<td style=\"padding:1px 1px 0px\" width=\"126\">\n<p style=\"text-align:center\" align=\"center\"><span style=\"font-size:20px\">38.6<\/span><\/p>\n<\/td>\n<td style=\"padding:1px 1px 0px\" width=\"126\">\n<p style=\"text-align:center\" align=\"center\"><span style=\"font-size:20px\">40.2<\/span><\/p>\n<\/td>\n<td style=\"padding:1px 1px 0px\" width=\"126\">\n<p style=\"text-align:center\" align=\"center\"><span style=\"font-size:20px\">41.7<\/span><\/p>\n<\/td>\n<td style=\"padding:1px 1px 0px\" width=\"126\">\n<p style=\"text-align:center\" align=\"center\"><span style=\"font-size:20px\">43.3<\/span><\/p>\n<\/td>\n<\/tr>\n<tr>\n<td style=\"padding:1px 1px 0px\" width=\"167\" rowspan=\"2\" colSpan=\"1\">\n<p style=\"text-align:center\" align=\"center\"><span style=\"font-size:20px\">Longueur<\/span><\/p>\n<\/td>\n<td style=\"padding:1px 1px 0px\" width=\"92\">\n<p style=\"text-align:center\" align=\"center\"><span style=\"font-size:20px\">Cm<\/span><\/p>\n<\/td>\n<td style=\"padding:1px 1px 0px\" width=\"126\">\n<p style=\"text-align:center\" align=\"center\"><span style=\"font-size:20px\">62<\/span><\/p>\n<\/td>\n<td style=\"padding:1px 1px 0px\" width=\"126\">\n<p style=\"text-align:center\" align=\"center\"><span style=\"font-size:20px\">65<\/span><\/p>\n<\/td>\n<td style=\"padding:1px 1px 0px\" width=\"126\">\n<p style=\"text-align:center\" align=\"center\"><span style=\"font-size:20px\">68<\/span><\/p>\n<\/td>\n<td style=\"padding:1px 1px 0px\" width=\"126\">\n<p style=\"text-align:center\" align=\"center\"><span style=\"font-size:20px\">70<\/span><\/p>\n<\/td>\n<\/tr>\n<tr>\n<td style=\"padding:1px 1px 0px\" width=\"92\">\n<p style=\"text-align:center\" align=\"center\"><span style=\"font-size:20px\">Pouces<\/span><\/p>\n<\/td>\n<td style=\"padding:1px 1px 0px\" width=\"126\">\n<p style=\"text-align:center\" align=\"center\"><span style=\"font-size:20px\">24.4<\/span><\/p>\n<\/td>\n<td style=\"padding:1px 1px 0px\" width=\"126\">\n<p style=\"text-align:center\" align=\"center\"><span style=\"font-size:20px\">25.6<\/span><\/p>\n<\/td>\n<td style=\"padding:1px 1px 0px\" width=\"126\">\n<p style=\"text-align:center\" align=\"center\"><span style=\"font-size:20px\">26.8<\/span><\/p>\n<\/td>\n<td style=\"padding:1px 1px 0px\" width=\"126\">\n<p style=\"text-align:center\" align=\"center\"><span style=\"font-size:20px\">27.6<\/span><\/p>\n<\/td>\n<\/tr>\n<tr>\n<td style=\"padding:1px 1px 0px\" width=\"762\" colSpan=\"6\">\n<p style=\"text-align:center\" align=\"center\"><span style=\"font-size:20px\">Mesur\u00e9 avant d&#8217;\u00eatre \u00e9tir\u00e9, connu sous le nom de donn\u00e9es \u00e0 plat pos\u00e9es, veuillez permettre un \u00e9cart de 1 \u00e0 2cm<\/span><\/p>\n<\/td>\n<\/tr>\n<\/tbody>\n<\/table>\n<p><span style=\"font-size:20px\">* Tissu de l&#8217;article: Polyester + maille<\/span><\/p>\n<p><span style=\"font-size:20px\">* Couleur de l&#8217;article: blanc\/Orange\/noir\/rouge\/bleu\/vert (comme le montrent les images)<\/span><\/p>\n<p><span style=\"font-size:20px\">* \u00c9tat de l&#8217;article: 100% neuf<\/span><\/p>\n<p><span style=\"font-size:20px\">* Description de l&#8217;article: T-Shirt respirant pour hommes, s\u00e9chage rapide, m\u00e8che athl\u00e9tique, Cool, course \u00e0 pied, hauts de sport<\/span><\/p>\n<p><span style=\"font-size:20px\">* Sexe: Hommes<\/span><\/p>\n<p><span style=\"font-size:20px\">* Contenu de l&#8217;emballage: chemises (aucun accessoire inclus)<\/span><\/p>\n<div><\/div>\n<p><span style=\"font-size:20px\"><strong><span style=\"font-size:19px\">Comment choisir la bonne taille?<\/span><\/strong><\/span><\/p>\n<div><\/div>\n<p><span style=\"font-size:20px\">1) utilisez un v\u00eatement similaire pour comparer les tailles<\/span><\/p>\n<p><span style=\"font-size:20px\">2) choisissez des tailles plus grandes si vos tailles sont identiques au tableau des tailles de mesure \u00e0 plat<\/span><\/p>\n<div><\/div>\n<p><span style=\"font-size:20px\"><strong><span style=\"font-size:19px\">Note<\/span><\/strong><\/span><span style=\"font-size:20px\"><span style=\"font-size:19px\">:<\/span><\/span><\/p>\n<p><span style=\"font-size:20px\">1. La couleur r\u00e9elle de l&#8217;article peut \u00eatre l\u00e9g\u00e8rement diff\u00e9rente des images pr\u00e9sent\u00e9es sur le site web en raison de nombreux facteurs tels que la luminosit\u00e9 de votre moniteur et la luminosit\u00e9 de la lumi\u00e8re.<\/span><\/p>\n<p><span style=\"font-size:20px\">2. Veuillez permettre une l\u00e9g\u00e8re d\u00e9viation de mesure manuelle pour les donn\u00e9es.<\/span><\/p>\n<p><\/p>\n<\/div>\n<div><img src=\"https:\/\/ae01.alicdn.com\/kf\/H4c6544d94a344f0782ce08055b121604f.jpeg\" \/><img src=\"https:\/\/ae01.alicdn.com\/kf\/H3a227f8616b741929206176fd6f7beae6.jpeg\" \/><img src=\"https:\/\/ae01.alicdn.com\/kf\/H37092d9e15d9483991d49c6dbc8ff8d01.jpeg\" \/><img src=\"https:\/\/ae01.alicdn.com\/kf\/H6593de91368b4c9ba9f44308790c49c2i.jpeg\" \/><img src=\"https:\/\/ae01.alicdn.com\/kf\/H9533729f31164fb39a4b5d4147330953q.jpeg\" \/><img src=\"https:\/\/ae01.alicdn.com\/kf\/Hf7e9adaebb2d4269ac464ab3254b79ddJ.jpeg\" \/><img src=\"https:\/\/ae01.alicdn.com\/kf\/Ha5ba8dab6b994276856ceb8b21690f70d.jpeg\" \/><img src=\"https:\/\/ae01.alicdn.com\/kf\/H1cd13406394f446b9944029448f9a2edH.jpeg\" \/><img src=\"https:\/\/ae01.alicdn.com\/kf\/H1b865dd56ed0410ab41b3dfca0d2f1b0S.jpeg\" \/><\/div>\n<\/p>\n<\/div>\n<\/div>\n","protected":false},"excerpt":{"rendered":"<p>Applicable Scene:&nbsp;Daily Longueur de Manche (cm):&nbsp;SHORT Origine:&nbsp;CN (Origine) Mat\u00e9riau:&nbsp;POLYESTER Saison Applicable:&nbsp;Printemps et \u00e9t\u00e9 Style:&nbsp;SPORTS Collier:&nbsp;Col rond Type D&#8217;article:&nbsp;tops Type de Veste:&nbsp;TEE Style de Manches:&nbsp;Men Breathable T-Shirt \u00c0 capuche:&nbsp;Pas de Type de tissu:&nbsp;Drap fin Sexe:&nbsp;MEN Type de Motif:&nbsp;Patchwork Model Name:&nbsp;Mens Running Gym Sports Tops Taille de l&#8217;\u00e9tiquette: L ~ 3XL. Veuillez vous assurer que ces mesures [&hellip;]<\/p>\n","protected":false},"featured_media":535,"comment_status":"open","ping_status":"closed","template":"","meta":{"om_disable_all_campaigns":false,"_monsterinsights_skip_tracking":false,"_monsterinsights_sitenote_active":false,"_monsterinsights_sitenote_note":"","_monsterinsights_sitenote_category":0},"product_cat":[],"product_tag":[],"aioseo_notices":[],"_links":{"self":[{"href":"https:\/\/alidropship.unedemo.online\/index.php\/wp-json\/wp\/v2\/product\/534"}],"collection":[{"href":"https:\/\/alidropship.unedemo.online\/index.php\/wp-json\/wp\/v2\/product"}],"about":[{"href":"https:\/\/alidropship.unedemo.online\/index.php\/wp-json\/wp\/v2\/types\/product"}],"replies":[{"embeddable":true,"href":"https:\/\/alidropship.unedemo.online\/index.php\/wp-json\/wp\/v2\/comments?post=534"}],"wp:featuredmedia":[{"embeddable":true,"href":"https:\/\/alidropship.unedemo.online\/index.php\/wp-json\/wp\/v2\/media\/535"}],"wp:attachment":[{"href":"https:\/\/alidropship.unedemo.online\/index.php\/wp-json\/wp\/v2\/media?parent=534"}],"wp:term":[{"taxonomy":"product_cat","embeddable":true,"href":"https:\/\/alidropship.unedemo.online\/index.php\/wp-json\/wp\/v2\/product_cat?post=534"},{"taxonomy":"product_tag","embeddable":true,"href":"https:\/\/alidropship.unedemo.online\/index.php\/wp-json\/wp\/v2\/product_tag?post=534"}],"curies":[{"name":"wp","href":"https:\/\/api.w.org\/{rel}","templated":true}]}}