{"id":597,"date":"2022-10-16T23:56:50","date_gmt":"2022-10-16T23:56:50","guid":{"rendered":"https:\/\/alidropship.unedemo.online\/index.php\/product\/t-shirt-pour-homme-decontracte-et-surdimensionne-essentiel-diesel-denim-division-avec-succes-s-3xl\/"},"modified":"2022-10-16T23:56:57","modified_gmt":"2022-10-16T23:56:57","slug":"t-shirt-pour-homme-decontracte-et-surdimensionne-essentiel-diesel-denim-division-avec-succes-s-3xl","status":"publish","type":"product","link":"https:\/\/alidropship.unedemo.online\/index.php\/product\/t-shirt-pour-homme-decontracte-et-surdimensionne-essentiel-diesel-denim-division-avec-succes-s-3xl\/","title":{"rendered":"T-shirt pour homme, d\u00e9contract\u00e9 et surdimensionn\u00e9, essentiel, diesel, Denim, Division, avec succ\u00e8s, S-3XL"},"content":{"rendered":"\n<div class=\"product-specs-list-container\">\n<ul class=\"product-specs-list util-clearfix\">\n<li class=\"product-prop line-limit-length\"><span class=\"property-title\">Applicable Scene:&nbsp;<\/span><span class=\"property-desc line-limit-length\">CASUAL<\/span>\n                        <\/li>\n<li class=\"product-prop line-limit-length\"><span class=\"property-title\">Longueur de Manche (cm):&nbsp;<\/span><span class=\"property-desc line-limit-length\">SHORT<\/span>\n                        <\/li>\n<li class=\"product-prop line-limit-length\"><span class=\"property-title\">Saison Applicable:&nbsp;<\/span><span class=\"property-desc line-limit-length\">Quatre saisons<\/span>\n                        <\/li>\n<li class=\"product-prop line-limit-length\"><span class=\"property-title\">Style:&nbsp;<\/span><span class=\"property-desc line-limit-length\">Sport<\/span>\n                        <\/li>\n<li class=\"product-prop line-limit-length\"><span class=\"property-title\">Origine:&nbsp;<\/span><span class=\"property-desc line-limit-length\">CN (Origine)<\/span>\n                        <\/li>\n<li class=\"product-prop line-limit-length\"><span class=\"property-title\">CN:&nbsp;<\/span><span class=\"property-desc line-limit-length\">Fujian<\/span>\n                        <\/li>\n<li class=\"product-prop line-limit-length\"><span class=\"property-title\">Mat\u00e9riau:&nbsp;<\/span><span class=\"property-desc line-limit-length\">COTTON<\/span>\n                        <\/li>\n<li class=\"product-prop line-limit-length\"><span class=\"property-title\">Collier:&nbsp;<\/span><span class=\"property-desc line-limit-length\">Col rond<\/span>\n                        <\/li>\n<li class=\"product-prop line-limit-length\"><span class=\"property-title\">Style de Manches:&nbsp;<\/span><span class=\"property-desc line-limit-length\">regular<\/span>\n                        <\/li>\n<li class=\"product-prop line-limit-length\"><span class=\"property-title\">\u00c0 capuche:&nbsp;<\/span><span class=\"property-desc line-limit-length\">Pas de<\/span>\n                        <\/li>\n<li class=\"product-prop line-limit-length\"><span class=\"property-title\">Type de tissu:&nbsp;<\/span><span class=\"property-desc line-limit-length\">Drap fin<\/span>\n                        <\/li>\n<li class=\"product-prop line-limit-length\"><span class=\"property-title\">Type de Motif:&nbsp;<\/span><span class=\"property-desc line-limit-length\">Imprimer<\/span>\n                        <\/li>\n<li class=\"product-prop line-limit-length\"><span class=\"property-title\">Item Type:&nbsp;<\/span><span class=\"property-desc line-limit-length\">Tops<\/span>\n                        <\/li>\n<li class=\"product-prop line-limit-length\"><span class=\"property-title\">Tops Type:&nbsp;<\/span><span class=\"property-desc line-limit-length\">Tees<\/span>\n                        <\/li>\n<li class=\"product-prop line-limit-length\"><span class=\"property-title\">Gender:&nbsp;<\/span><span class=\"property-desc line-limit-length\">men and women<\/span>\n                        <\/li>\n<li class=\"product-prop line-limit-length\"><span class=\"property-title\">Unit Type:&nbsp;<\/span><span class=\"property-desc line-limit-length\">piece<\/span>\n                        <\/li>\n<li class=\"product-prop line-limit-length\"><span class=\"property-title\">Package Weight:&nbsp;<\/span><span class=\"property-desc line-limit-length\">0.2kg(0.44lb.)<\/span>\n                        <\/li>\n<li class=\"product-prop line-limit-length\"><span class=\"property-title\">Package Size:&nbsp;<\/span><span class=\"property-desc line-limit-length\">30cm x 30cm x 5cm<\/span>\n                        <\/li>\n<\/ul><\/div>\n<p style=\"text-align: center;margin:0\"><img src=\"https:\/\/ae01.alicdn.com\/kf\/Sa6bdd2e6bbf9464d8339ae47c4d0ba40q.jpg?width=1000&amp;height=1204&amp;hash=2204\" style=\"width:1000px\"><img src=\"https:\/\/ae01.alicdn.com\/kf\/S9d353be3efe84830b2911c65fc1c2449B.jpg?width=1200&amp;height=554&amp;hash=1754\" style=\"width:1000px\"><img src=\"https:\/\/ae01.alicdn.com\/kf\/S7902a262f00c4dc89f4a9c06dae1dd6c6.jpg?width=1000&amp;height=1000&amp;hash=2000\" style=\"width:1000px\"><img src=\"https:\/\/ae01.alicdn.com\/kf\/Sf17a903e814845469ad8566ea3a7be263.jpg?width=1000&amp;height=1000&amp;hash=2000\" style=\"width:1000px\"><img src=\"https:\/\/ae01.alicdn.com\/kf\/S410dd3dc3dc34b61ba5ce84503d699eaK.jpg?width=1000&amp;height=1000&amp;hash=2000\" style=\"width:1000px\"><img src=\"https:\/\/ae01.alicdn.com\/kf\/Sa1292da95fb94a7d83ea00eb6799932fn.jpg?width=999&amp;height=999&amp;hash=1998\" style=\"width:1000px\"><img src=\"https:\/\/ae01.alicdn.com\/kf\/Sc1db70cac13941a4a35736735e9e1309s.jpg?width=800&amp;height=793&amp;hash=1593\" style=\"width:1000px\"><img src=\"https:\/\/ae01.alicdn.com\/kf\/Sb133798761084f6ebf22c1d30c6bb1f3x.jpg?width=801&amp;height=798&amp;hash=1599\" style=\"width:1000px\"><img src=\"https:\/\/ae01.alicdn.com\/kf\/Sec68f6fa349148338ba3a56580eefd30z.jpg?width=800&amp;height=910&amp;hash=1710\" style=\"width:1000px\"><img src=\"https:\/\/ae01.alicdn.com\/kf\/S60d803b0f7d94ab5b9ad5c162828eebfO.jpg?width=800&amp;height=731&amp;hash=1531\" style=\"width:1000px\"><\/p>\n","protected":false},"excerpt":{"rendered":"<p>Applicable Scene:&nbsp;CASUAL Longueur de Manche (cm):&nbsp;SHORT Saison Applicable:&nbsp;Quatre saisons Style:&nbsp;Sport Origine:&nbsp;CN (Origine) CN:&nbsp;Fujian Mat\u00e9riau:&nbsp;COTTON Collier:&nbsp;Col rond Style de Manches:&nbsp;regular \u00c0 capuche:&nbsp;Pas de Type de tissu:&nbsp;Drap fin Type de Motif:&nbsp;Imprimer Item Type:&nbsp;Tops Tops Type:&nbsp;Tees Gender:&nbsp;men and women Unit Type:&nbsp;piece Package Weight:&nbsp;0.2kg(0.44lb.) Package Size:&nbsp;30cm x 30cm x 5cm<\/p>\n","protected":false},"featured_media":598,"comment_status":"open","ping_status":"closed","template":"","meta":{"om_disable_all_campaigns":false,"_monsterinsights_skip_tracking":false,"_monsterinsights_sitenote_active":false,"_monsterinsights_sitenote_note":"","_monsterinsights_sitenote_category":0},"product_cat":[],"product_tag":[],"aioseo_notices":[],"_links":{"self":[{"href":"https:\/\/alidropship.unedemo.online\/index.php\/wp-json\/wp\/v2\/product\/597"}],"collection":[{"href":"https:\/\/alidropship.unedemo.online\/index.php\/wp-json\/wp\/v2\/product"}],"about":[{"href":"https:\/\/alidropship.unedemo.online\/index.php\/wp-json\/wp\/v2\/types\/product"}],"replies":[{"embeddable":true,"href":"https:\/\/alidropship.unedemo.online\/index.php\/wp-json\/wp\/v2\/comments?post=597"}],"wp:featuredmedia":[{"embeddable":true,"href":"https:\/\/alidropship.unedemo.online\/index.php\/wp-json\/wp\/v2\/media\/598"}],"wp:attachment":[{"href":"https:\/\/alidropship.unedemo.online\/index.php\/wp-json\/wp\/v2\/media?parent=597"}],"wp:term":[{"taxonomy":"product_cat","embeddable":true,"href":"https:\/\/alidropship.unedemo.online\/index.php\/wp-json\/wp\/v2\/product_cat?post=597"},{"taxonomy":"product_tag","embeddable":true,"href":"https:\/\/alidropship.unedemo.online\/index.php\/wp-json\/wp\/v2\/product_tag?post=597"}],"curies":[{"name":"wp","href":"https:\/\/api.w.org\/{rel}","templated":true}]}}